{"id":99634,"date":"2019-11-13T09:33:55","date_gmt":"2019-11-13T08:33:55","guid":{"rendered":"https:\/\/www.mini-art.nl\/product\/flachbeutel-kraft-braun-7-x-13-cm-1000-stueck\/"},"modified":"2026-01-29T12:31:32","modified_gmt":"2026-01-29T11:31:32","slug":"flachbeutel-kraft-braun-7-x-13-cm-1000-stueck","status":"publish","type":"product","link":"https:\/\/www.mini-art.nl\/de\/product\/flachbeutel-kraft-braun-7-x-13-cm-1000-stueck\/","title":{"rendered":"Flachbeutel Kraft \u2013 braun, 7 x 13 cm \u2013 1000 St\u00fcck"},"content":{"rendered":"<p>Diese flachen Papiert\u00fcten bestehen aus braunem 40-Gramm-Kraftpapier. Verwenden Sie sie f\u00fcr Gru\u00dfkarten, Geschenke, Accessoires, Schmuck und so weiter.<br \/>\nSie sind in verschiedenen Gr\u00f6\u00dfen erh\u00e4ltlich.<\/p>\n","protected":false},"excerpt":{"rendered":"<p>Flache Papiert\u00fcten<br \/>\nFarbe: braune Kraft Gr\u00f6\u00dfe<\/p>\n<p>: 7 x 13 cm<\/p>\n<p>Material: Kraftpapier 40 Gramm<\/p>\n<p>Preis pro 1000 St\u00fcck<\/p>\n","protected":false},"featured_media":44296,"template":"","meta":[],"product_brand":[],"product_cat":[930,526],"product_tag":[],"class_list":{"0":"post-99634","1":"product","2":"type-product","3":"status-publish","4":"has-post-thumbnail","6":"product_cat-geschenktuten","7":"product_cat-verpackungsmaterial","9":"first","10":"instock","11":"taxable","12":"shipping-taxable","13":"purchasable","14":"product-type-simple"},"jetpack_sharing_enabled":true,"tiered_pricing_type":"fixed","tiered_pricing_fixed_rules":[],"tiered_pricing_product_settings":{"layout":"default","base_unit_name":{"singular":null,"plural":null},"default_variation":null},"tiered_pricing_minimum_quantity":null,"tiered_pricing_roles_data":[],"tiered_pricing_percentage_rules":[],"tiered_pricing_maximum_quantity":null,"tiered_pricing_quantity_step":null,"_links":{"self":[{"href":"https:\/\/www.mini-art.nl\/de\/wp-json\/wp\/v2\/product\/99634","targetHints":{"allow":["GET"]}}],"collection":[{"href":"https:\/\/www.mini-art.nl\/de\/wp-json\/wp\/v2\/product"}],"about":[{"href":"https:\/\/www.mini-art.nl\/de\/wp-json\/wp\/v2\/types\/product"}],"wp:featuredmedia":[{"embeddable":true,"href":"https:\/\/www.mini-art.nl\/de\/wp-json\/wp\/v2\/media\/44296"}],"wp:attachment":[{"href":"https:\/\/www.mini-art.nl\/de\/wp-json\/wp\/v2\/media?parent=99634"}],"wp:term":[{"taxonomy":"product_brand","embeddable":true,"href":"https:\/\/www.mini-art.nl\/de\/wp-json\/wp\/v2\/product_brand?post=99634"},{"taxonomy":"product_cat","embeddable":true,"href":"https:\/\/www.mini-art.nl\/de\/wp-json\/wp\/v2\/product_cat?post=99634"},{"taxonomy":"product_tag","embeddable":true,"href":"https:\/\/www.mini-art.nl\/de\/wp-json\/wp\/v2\/product_tag?post=99634"}],"curies":[{"name":"wp","href":"https:\/\/api.w.org\/{rel}","templated":true}]}}