{"id":99048,"date":"2019-11-13T09:26:21","date_gmt":"2019-11-13T09:26:21","guid":{"rendered":"https:\/\/www.mini-art.nl\/product\/geschenkgutschein-orange-block-mit-25-stuecken\/"},"modified":"2026-01-29T12:19:47","modified_gmt":"2026-01-29T11:19:47","slug":"geschenkgutschein-orange-block-mit-25-stuecken","status":"publish","type":"product","link":"https:\/\/www.mini-art.nl\/de\/product\/geschenkgutschein-orange-block-mit-25-stuecken\/","title":{"rendered":"Geschenkgutschein \u2013 Orange \u2013 Block mit 25 St\u00fccken"},"content":{"rendered":"<p>Der Geschenkgutschein ist das perfekte Geschenk zum Verschenken und zum Bekommen.<br \/>\nMit unserer gro\u00dfen Auswahl an Geschenkgutscheinen k\u00f6nnen Sie w\u00e4hlen, was zu Ihrer Branche passt oder mit einem Thema arbeiten.<br \/>\nOb Blumenladen, Spirituosengesch\u00e4ft oder Kosmetikerin, wir haben f\u00fcr jede Branche einen passenden Gutschein.<\/p>\n<p>Wir k\u00f6nnen die Geschenkgutscheine auch personalisieren. Sehen Sie dazu auf unserer Website unter &#8222;Drucken&#8220; nach <\/p>\n<p>OP=OP<\/p>\n","protected":false},"excerpt":{"rendered":"<p>Typ: doppelter Geschenkgutschein-Format<\/p>\n<p>: 110 x 110 mm<\/p>\n<p>Verpackung: pro 25 St\u00fcck<\/p>\n<p>ohne Umschl\u00e4ge<\/p>\n","protected":false},"featured_media":34708,"template":"","meta":[],"product_brand":[],"product_cat":[1032,1031,905,801,1029],"product_tag":[],"class_list":{"0":"post-99048","1":"product","2":"type-product","3":"status-publish","4":"has-post-thumbnail","6":"product_cat-geschenkgutschein-freigabe","7":"product_cat-geschenkgutscheine-schnappchenecke","8":"product_cat-neon-thema","9":"product_cat-orangefarbenes-thema","10":"product_cat-schnappchenecke","12":"first","13":"instock","14":"sale","15":"taxable","16":"shipping-taxable","17":"purchasable","18":"product-type-simple"},"jetpack_sharing_enabled":true,"tiered_pricing_type":"fixed","tiered_pricing_fixed_rules":{"3":5,"6":4},"tiered_pricing_product_settings":{"layout":"default","base_unit_name":{"singular":null,"plural":null},"default_variation":null},"tiered_pricing_minimum_quantity":null,"tiered_pricing_roles_data":[],"tiered_pricing_percentage_rules":[],"tiered_pricing_maximum_quantity":null,"tiered_pricing_quantity_step":null,"_links":{"self":[{"href":"https:\/\/www.mini-art.nl\/de\/wp-json\/wp\/v2\/product\/99048","targetHints":{"allow":["GET"]}}],"collection":[{"href":"https:\/\/www.mini-art.nl\/de\/wp-json\/wp\/v2\/product"}],"about":[{"href":"https:\/\/www.mini-art.nl\/de\/wp-json\/wp\/v2\/types\/product"}],"wp:featuredmedia":[{"embeddable":true,"href":"https:\/\/www.mini-art.nl\/de\/wp-json\/wp\/v2\/media\/34708"}],"wp:attachment":[{"href":"https:\/\/www.mini-art.nl\/de\/wp-json\/wp\/v2\/media?parent=99048"}],"wp:term":[{"taxonomy":"product_brand","embeddable":true,"href":"https:\/\/www.mini-art.nl\/de\/wp-json\/wp\/v2\/product_brand?post=99048"},{"taxonomy":"product_cat","embeddable":true,"href":"https:\/\/www.mini-art.nl\/de\/wp-json\/wp\/v2\/product_cat?post=99048"},{"taxonomy":"product_tag","embeddable":true,"href":"https:\/\/www.mini-art.nl\/de\/wp-json\/wp\/v2\/product_tag?post=99048"}],"curies":[{"name":"wp","href":"https:\/\/api.w.org\/{rel}","templated":true}]}}