{"id":98909,"date":"2019-11-13T09:24:32","date_gmt":"2019-11-13T09:24:32","guid":{"rendered":"https:\/\/www.mini-art.nl\/product\/geschenkgutschein-feder-50-stueck-block-mit-umschlag\/"},"modified":"2026-01-29T12:17:37","modified_gmt":"2026-01-29T11:17:37","slug":"geschenkgutschein-feder-50-stueck-block-mit-umschlag","status":"publish","type":"product","link":"https:\/\/www.mini-art.nl\/de\/product\/geschenkgutschein-feder-50-stueck-block-mit-umschlag\/","title":{"rendered":"Geschenkgutschein \u2013 Feder \u2013 50-St\u00fcck-Block mit Umschlag"},"content":{"rendered":"<p>Mit unserer gro\u00dfen Auswahl an Geschenkgutscheinen k\u00f6nnen Sie ausw\u00e4hlen, was zu Ihrer Branche passt oder mit einem bestimmten Thema arbeitet.<br \/>\nEgal, ob Sie Florist, Spirituosengesch\u00e4ft oder Kosmetikerin sind \u2013 wir haben f\u00fcr jede Branche einen passenden Gutschein.<\/p>\n<p>Wir k\u00f6nnen die Geschenkgutscheine auch personalisieren. Sehen Sie dazu auf unserer Website unter &#8222;Drucken&#8220; nach <\/p>\n","protected":false},"excerpt":{"rendered":"<p>Grundlegende Geschenkgutscheine Format: 150 x 100<\/p>\n<p>Druck: auf einer Seite, als Bild<\/p>\n<p>Verpackungseinheit: 50 St\u00fcck<\/p>\n<p>Die Geschenkgutscheine sind serienm\u00e4\u00dfig mit doppelter Nummerierung, Kontrollstreifen und passendem Umschlag ausgestattet<\/p>\n","protected":false},"featured_media":27588,"template":"","meta":[],"product_brand":[],"product_cat":[810,1132],"product_tag":[],"class_list":{"0":"post-98909","1":"product","2":"type-product","3":"status-publish","4":"has-post-thumbnail","6":"product_cat-geschenkgutscheine","7":"product_cat-grundlegend","9":"first","10":"instock","11":"taxable","12":"shipping-taxable","13":"purchasable","14":"product-type-simple"},"jetpack_sharing_enabled":true,"tiered_pricing_type":"fixed","tiered_pricing_fixed_rules":[],"tiered_pricing_product_settings":{"layout":"default","base_unit_name":{"singular":null,"plural":null},"default_variation":null},"tiered_pricing_minimum_quantity":null,"tiered_pricing_roles_data":[],"tiered_pricing_percentage_rules":[],"tiered_pricing_maximum_quantity":null,"tiered_pricing_quantity_step":null,"_links":{"self":[{"href":"https:\/\/www.mini-art.nl\/de\/wp-json\/wp\/v2\/product\/98909","targetHints":{"allow":["GET"]}}],"collection":[{"href":"https:\/\/www.mini-art.nl\/de\/wp-json\/wp\/v2\/product"}],"about":[{"href":"https:\/\/www.mini-art.nl\/de\/wp-json\/wp\/v2\/types\/product"}],"wp:featuredmedia":[{"embeddable":true,"href":"https:\/\/www.mini-art.nl\/de\/wp-json\/wp\/v2\/media\/27588"}],"wp:attachment":[{"href":"https:\/\/www.mini-art.nl\/de\/wp-json\/wp\/v2\/media?parent=98909"}],"wp:term":[{"taxonomy":"product_brand","embeddable":true,"href":"https:\/\/www.mini-art.nl\/de\/wp-json\/wp\/v2\/product_brand?post=98909"},{"taxonomy":"product_cat","embeddable":true,"href":"https:\/\/www.mini-art.nl\/de\/wp-json\/wp\/v2\/product_cat?post=98909"},{"taxonomy":"product_tag","embeddable":true,"href":"https:\/\/www.mini-art.nl\/de\/wp-json\/wp\/v2\/product_tag?post=98909"}],"curies":[{"name":"wp","href":"https:\/\/api.w.org\/{rel}","templated":true}]}}