{"id":98787,"date":"2019-11-13T08:48:39","date_gmt":"2019-11-13T08:48:39","guid":{"rendered":"https:\/\/www.mini-art.nl\/product\/sommer-anzeigen-bouquette-800-karten-verkauf\/"},"modified":"2026-01-29T12:12:42","modified_gmt":"2026-01-29T11:12:42","slug":"sommer-anzeigen-bouquette-800-karten-verkauf","status":"publish","type":"product","link":"https:\/\/www.mini-art.nl\/de\/product\/sommer-anzeigen-bouquette-800-karten-verkauf\/","title":{"rendered":"Sommer anzeigen | Bouquette \u2013 800 Karten \u2013 VERKAUF"},"content":{"rendered":"<p>Ausstellung mit 800 Geschenkkarten. Preis pro Ticket \u20ac 0,125 ct Kauf.  Aufgrund seines kleinen Wendekreises passt diese Anzeige auf jede Theke.<\/p>\n<p>&nbsp;<\/p>\n<p>nicht auf Lager<\/p>\n","protected":false},"excerpt":{"rendered":"<p>20 F\u00e4cher drehbare Ausstellungsm\u00fchle<\/p>\n<p>Inhalt: Sommer- und Bouquette-Serie<\/p>\n<p>Inhalt pro Pack: 20 Karten<\/p>\n<p>Inhalt Ausstellungsm\u00fchle: 800 Karten (40 Packs \u00e0 20 St\u00fcck)<\/p>\n<p> 10 Typen \u2013 Sommerserie<\/p>\n<p>10 Typen \u2013 Bouquette-Serie<\/p>\n<p>Sie erhalten eine Ausstellung mit doppelter F\u00fcllung<\/p>\n<p>Preis pro Ticket: \u20ac 0,125 ct<\/p>\n","protected":false},"featured_media":85787,"template":"","meta":[],"product_brand":[],"product_cat":[1040,1108],"product_tag":[],"class_list":{"0":"post-98787","1":"product","2":"type-product","3":"status-publish","4":"has-post-thumbnail","6":"product_cat-budget-tickets","7":"product_cat-fertigstellungen","9":"first","10":"instock","11":"taxable","12":"shipping-taxable","13":"purchasable","14":"product-type-simple"},"jetpack_sharing_enabled":true,"tiered_pricing_type":"fixed","tiered_pricing_fixed_rules":[],"tiered_pricing_product_settings":{"layout":"default","base_unit_name":{"singular":null,"plural":null},"default_variation":null},"tiered_pricing_minimum_quantity":null,"tiered_pricing_roles_data":[],"tiered_pricing_percentage_rules":[],"tiered_pricing_maximum_quantity":null,"tiered_pricing_quantity_step":null,"_links":{"self":[{"href":"https:\/\/www.mini-art.nl\/de\/wp-json\/wp\/v2\/product\/98787","targetHints":{"allow":["GET"]}}],"collection":[{"href":"https:\/\/www.mini-art.nl\/de\/wp-json\/wp\/v2\/product"}],"about":[{"href":"https:\/\/www.mini-art.nl\/de\/wp-json\/wp\/v2\/types\/product"}],"wp:featuredmedia":[{"embeddable":true,"href":"https:\/\/www.mini-art.nl\/de\/wp-json\/wp\/v2\/media\/85787"}],"wp:attachment":[{"href":"https:\/\/www.mini-art.nl\/de\/wp-json\/wp\/v2\/media?parent=98787"}],"wp:term":[{"taxonomy":"product_brand","embeddable":true,"href":"https:\/\/www.mini-art.nl\/de\/wp-json\/wp\/v2\/product_brand?post=98787"},{"taxonomy":"product_cat","embeddable":true,"href":"https:\/\/www.mini-art.nl\/de\/wp-json\/wp\/v2\/product_cat?post=98787"},{"taxonomy":"product_tag","embeddable":true,"href":"https:\/\/www.mini-art.nl\/de\/wp-json\/wp\/v2\/product_tag?post=98787"}],"curies":[{"name":"wp","href":"https:\/\/api.w.org\/{rel}","templated":true}]}}