{"id":94452,"date":"2025-08-22T16:13:36","date_gmt":"2025-08-22T14:13:36","guid":{"rendered":"https:\/\/www.mini-art.nl\/product\/weihnachtssack-corben-schwarz-mini-50-stueck\/"},"modified":"2026-02-02T14:35:54","modified_gmt":"2026-02-02T13:35:54","slug":"weihnachtssack-corben-schwarz-mini-50-stueck","status":"publish","type":"product","link":"https:\/\/www.mini-art.nl\/de\/product\/weihnachtssack-corben-schwarz-mini-50-stueck\/","title":{"rendered":"Weihnachtstasche \u2013 Corben-schwarz \u2013 mini \u2013 50 St\u00fcck"},"content":{"rendered":"<p>Papier-Kraftt\u00fcten mit einer Schnur. Die Taschen bestehen aus recyceltem Papier und verf\u00fcgen \u00fcber einen Boden. Der Griff besteht aus einer verdrehten Schnur.  <\/p>\n","protected":false},"excerpt":{"rendered":"<p>Farbe: schwarz<\/p>\n<p>Gr\u00f6\u00dfe: mini<\/p>\n<p><strong>Ma\u00dfe:<\/strong><\/p>\n<p> H\u00f6he: 24 cm<\/p>\n<p>Breite: 18 cm<\/p>\n<p>Tiefe: 8 cm (unten)<\/p>\n<p> Griff-Design: verdrehte Papierschnur<\/p>\n<p>Verpackung: pro 50 St\u00fcck<\/p>\n","protected":false},"featured_media":93153,"template":"","meta":[],"product_brand":[],"product_cat":[522,524,1072,1079],"product_tag":[],"class_list":{"0":"post-94452","1":"product","2":"type-product","3":"status-publish","4":"has-post-thumbnail","6":"product_cat-tragetaschen","7":"product_cat-papiertragetaschen","8":"product_cat-papier-themen-taschen","9":"product_cat-weihnachtsverpackung","11":"first","12":"outofstock","13":"taxable","14":"shipping-taxable","15":"purchasable","16":"product-type-simple"},"jetpack_sharing_enabled":true,"tiered_pricing_type":"fixed","tiered_pricing_fixed_rules":{"5":13.5,"10":12.5},"tiered_pricing_product_settings":{"layout":"default","base_unit_name":{"singular":null,"plural":null},"default_variation":null},"tiered_pricing_minimum_quantity":null,"tiered_pricing_roles_data":[],"tiered_pricing_percentage_rules":[],"tiered_pricing_maximum_quantity":null,"tiered_pricing_quantity_step":null,"_links":{"self":[{"href":"https:\/\/www.mini-art.nl\/de\/wp-json\/wp\/v2\/product\/94452","targetHints":{"allow":["GET"]}}],"collection":[{"href":"https:\/\/www.mini-art.nl\/de\/wp-json\/wp\/v2\/product"}],"about":[{"href":"https:\/\/www.mini-art.nl\/de\/wp-json\/wp\/v2\/types\/product"}],"wp:featuredmedia":[{"embeddable":true,"href":"https:\/\/www.mini-art.nl\/de\/wp-json\/wp\/v2\/media\/93153"}],"wp:attachment":[{"href":"https:\/\/www.mini-art.nl\/de\/wp-json\/wp\/v2\/media?parent=94452"}],"wp:term":[{"taxonomy":"product_brand","embeddable":true,"href":"https:\/\/www.mini-art.nl\/de\/wp-json\/wp\/v2\/product_brand?post=94452"},{"taxonomy":"product_cat","embeddable":true,"href":"https:\/\/www.mini-art.nl\/de\/wp-json\/wp\/v2\/product_cat?post=94452"},{"taxonomy":"product_tag","embeddable":true,"href":"https:\/\/www.mini-art.nl\/de\/wp-json\/wp\/v2\/product_tag?post=94452"}],"curies":[{"name":"wp","href":"https:\/\/api.w.org\/{rel}","templated":true}]}}