{"id":91662,"date":"2023-04-17T12:37:08","date_gmt":"2023-04-17T10:37:08","guid":{"rendered":"https:\/\/www.mini-art.nl\/product\/papierklebeband-weiss-speziell-fuer-sie\/"},"modified":"2025-07-16T14:14:47","modified_gmt":"2025-07-16T12:14:47","slug":"papierklebeband-weiss-speziell-fuer-sie","status":"publish","type":"product","link":"https:\/\/www.mini-art.nl\/de\/product\/papierklebeband-weiss-speziell-fuer-sie\/","title":{"rendered":"Papierklebeband wei\u00df &#8211; speziell f\u00fcr Sie"},"content":{"rendered":"<p>Wei\u00dfes Papierband mit jadegr\u00fcnem Textaufdruck<\/p>\n","protected":false},"excerpt":{"rendered":"<p>wei\u00dfes Papierklebeband<\/p>\n<p>Breite: 15 mm<\/p>\n<p>L\u00e4nge: Rolle \u00e0 50 Meter<\/p>\n<p>Im praktischen Abroller<\/p>\n<p> sch\u00f6n zum Vatertag<\/p>\n","protected":false},"featured_media":72917,"template":"","meta":[],"product_brand":[],"product_cat":[1036],"product_tag":[],"class_list":{"0":"post-91662","1":"product","2":"type-product","3":"status-publish","4":"has-post-thumbnail","6":"product_cat-papierklebeband","8":"first","9":"instock","10":"taxable","11":"shipping-taxable","12":"purchasable","13":"product-type-simple"},"jetpack_sharing_enabled":true,"tiered_pricing_type":"fixed","tiered_pricing_fixed_rules":[],"tiered_pricing_product_settings":{"layout":"default","base_unit_name":{"singular":null,"plural":null},"default_variation":null},"tiered_pricing_minimum_quantity":null,"tiered_pricing_roles_data":[],"tiered_pricing_percentage_rules":[],"tiered_pricing_maximum_quantity":null,"tiered_pricing_quantity_step":null,"_links":{"self":[{"href":"https:\/\/www.mini-art.nl\/de\/wp-json\/wp\/v2\/product\/91662","targetHints":{"allow":["GET"]}}],"collection":[{"href":"https:\/\/www.mini-art.nl\/de\/wp-json\/wp\/v2\/product"}],"about":[{"href":"https:\/\/www.mini-art.nl\/de\/wp-json\/wp\/v2\/types\/product"}],"wp:featuredmedia":[{"embeddable":true,"href":"https:\/\/www.mini-art.nl\/de\/wp-json\/wp\/v2\/media\/72917"}],"wp:attachment":[{"href":"https:\/\/www.mini-art.nl\/de\/wp-json\/wp\/v2\/media?parent=91662"}],"wp:term":[{"taxonomy":"product_brand","embeddable":true,"href":"https:\/\/www.mini-art.nl\/de\/wp-json\/wp\/v2\/product_brand?post=91662"},{"taxonomy":"product_cat","embeddable":true,"href":"https:\/\/www.mini-art.nl\/de\/wp-json\/wp\/v2\/product_cat?post=91662"},{"taxonomy":"product_tag","embeddable":true,"href":"https:\/\/www.mini-art.nl\/de\/wp-json\/wp\/v2\/product_tag?post=91662"}],"curies":[{"name":"wp","href":"https:\/\/api.w.org\/{rel}","templated":true}]}}