{"id":91589,"date":"2020-04-16T11:23:48","date_gmt":"2020-04-16T09:23:48","guid":{"rendered":"https:\/\/www.mini-art.nl\/product\/leer-quadratisch\/"},"modified":"2025-07-16T14:12:43","modified_gmt":"2025-07-16T12:12:43","slug":"leer-quadratisch","status":"publish","type":"product","link":"https:\/\/www.mini-art.nl\/de\/product\/leer-quadratisch\/","title":{"rendered":"Leer &#8211; quadratisch"},"content":{"rendered":"<p>Sie k\u00f6nnen diese Etiketten verwenden, um einmal etwas zu markieren oder zu bekleben. Die Klebekraft dieser Etiketten ist sehr geeignet f\u00fcr Flaschen, Gl\u00e4ser und Schachteln. Sie k\u00f6nnen sie leicht mit einem Permanentmarker beschriften.  <\/p>\n<p>&nbsp;<\/p>\n<p>nicht auf Lager<\/p>\n","protected":false},"excerpt":{"rendered":"<p>Gr\u00f6\u00dfe: 11,5 x 11,5 cm<\/p>\n<p>Tr\u00e4germaterial: wei\u00df gl\u00e4nzend<\/p>\n<p>Die Etiketten werden auf einer Rolle mit 250 St\u00fcck geliefert.<\/p>\n<p>Diese Etiketten sind auf Papierbasis mit einem besonders dauerhaften Klebstoff hergestellt.<\/p>\n","protected":false},"featured_media":18552,"template":"","meta":[],"product_brand":[],"product_cat":[1029,1033],"product_tag":[],"class_list":{"0":"post-91589","1":"product","2":"type-product","3":"status-publish","4":"has-post-thumbnail","6":"product_cat-schnappchenecke","7":"product_cat-etiketten-de","9":"first","10":"instock","11":"sale","12":"taxable","13":"shipping-taxable","14":"purchasable","15":"product-type-simple"},"jetpack_sharing_enabled":true,"tiered_pricing_type":"fixed","tiered_pricing_fixed_rules":{"12":5},"tiered_pricing_product_settings":{"layout":"default","base_unit_name":{"singular":null,"plural":null},"default_variation":null},"tiered_pricing_minimum_quantity":null,"tiered_pricing_roles_data":[],"tiered_pricing_percentage_rules":[],"tiered_pricing_maximum_quantity":null,"tiered_pricing_quantity_step":null,"_links":{"self":[{"href":"https:\/\/www.mini-art.nl\/de\/wp-json\/wp\/v2\/product\/91589","targetHints":{"allow":["GET"]}}],"collection":[{"href":"https:\/\/www.mini-art.nl\/de\/wp-json\/wp\/v2\/product"}],"about":[{"href":"https:\/\/www.mini-art.nl\/de\/wp-json\/wp\/v2\/types\/product"}],"wp:featuredmedia":[{"embeddable":true,"href":"https:\/\/www.mini-art.nl\/de\/wp-json\/wp\/v2\/media\/18552"}],"wp:attachment":[{"href":"https:\/\/www.mini-art.nl\/de\/wp-json\/wp\/v2\/media?parent=91589"}],"wp:term":[{"taxonomy":"product_brand","embeddable":true,"href":"https:\/\/www.mini-art.nl\/de\/wp-json\/wp\/v2\/product_brand?post=91589"},{"taxonomy":"product_cat","embeddable":true,"href":"https:\/\/www.mini-art.nl\/de\/wp-json\/wp\/v2\/product_cat?post=91589"},{"taxonomy":"product_tag","embeddable":true,"href":"https:\/\/www.mini-art.nl\/de\/wp-json\/wp\/v2\/product_tag?post=91589"}],"curies":[{"name":"wp","href":"https:\/\/api.w.org\/{rel}","templated":true}]}}