{"id":91543,"date":"2024-02-02T14:20:29","date_gmt":"2024-02-02T13:20:29","guid":{"rendered":"https:\/\/www.mini-art.nl\/product\/satinband-happy-birthday-weiss-15-mm-x-20-meter\/"},"modified":"2025-08-20T17:03:38","modified_gmt":"2025-08-20T15:03:38","slug":"satinband-happy-birthday-weiss-15-mm-x-20-meter","status":"publish","type":"product","link":"https:\/\/www.mini-art.nl\/de\/product\/satinband-happy-birthday-weiss-15-mm-x-20-meter\/","title":{"rendered":"Satinband &#8211; Happy Birthday &#8211; wei\u00df &#8211; 15 mm x 20 Meter"},"content":{"rendered":"<p>Entdecken Sie die Opulenz unserer Satin-Dekob\u00e4nder mit einem Hauch von Emotion. Perfekt zum Versch\u00f6nern von Geschenken, Blumenarrangements und DIY-Projekten. Lassen Sie Ihrer Kreativit\u00e4t freien Lauf mit unseren luxuri\u00f6sen Satinb\u00e4ndern, die jeweils mit einem Wunschtext versehen sind, um Ihre Botschaft mit Stil zu \u00fcbermitteln.  <\/p>\n<p>&nbsp;<\/p>\n","protected":false},"excerpt":{"rendered":"<p>Happy Birthday Band<\/p>\n<p>Meterzahl: 20 Meter<\/p>\n<p>Bandbreite: 15 mm<\/p>\n<p>Farbe: wei\u00df<\/p>\n<p>Druck: schwarz<\/p>\n<p>&nbsp;<\/p>\n","protected":false},"featured_media":95331,"template":"","meta":[],"product_brand":[],"product_cat":[946,1022],"product_tag":[],"class_list":{"0":"post-91543","1":"product","2":"type-product","3":"status-publish","4":"has-post-thumbnail","6":"product_cat-label72-zierband","7":"product_cat-satinband-mit-text","9":"first","10":"instock","11":"taxable","12":"shipping-taxable","13":"purchasable","14":"product-type-simple"},"jetpack_sharing_enabled":true,"tiered_pricing_type":"fixed","tiered_pricing_fixed_rules":{"6":6.5},"tiered_pricing_product_settings":{"layout":"default","base_unit_name":{"singular":null,"plural":null},"default_variation":null},"tiered_pricing_minimum_quantity":null,"tiered_pricing_roles_data":[],"tiered_pricing_percentage_rules":[],"tiered_pricing_maximum_quantity":null,"tiered_pricing_quantity_step":null,"_links":{"self":[{"href":"https:\/\/www.mini-art.nl\/de\/wp-json\/wp\/v2\/product\/91543","targetHints":{"allow":["GET"]}}],"collection":[{"href":"https:\/\/www.mini-art.nl\/de\/wp-json\/wp\/v2\/product"}],"about":[{"href":"https:\/\/www.mini-art.nl\/de\/wp-json\/wp\/v2\/types\/product"}],"wp:featuredmedia":[{"embeddable":true,"href":"https:\/\/www.mini-art.nl\/de\/wp-json\/wp\/v2\/media\/95331"}],"wp:attachment":[{"href":"https:\/\/www.mini-art.nl\/de\/wp-json\/wp\/v2\/media?parent=91543"}],"wp:term":[{"taxonomy":"product_brand","embeddable":true,"href":"https:\/\/www.mini-art.nl\/de\/wp-json\/wp\/v2\/product_brand?post=91543"},{"taxonomy":"product_cat","embeddable":true,"href":"https:\/\/www.mini-art.nl\/de\/wp-json\/wp\/v2\/product_cat?post=91543"},{"taxonomy":"product_tag","embeddable":true,"href":"https:\/\/www.mini-art.nl\/de\/wp-json\/wp\/v2\/product_tag?post=91543"}],"curies":[{"name":"wp","href":"https:\/\/api.w.org\/{rel}","templated":true}]}}