{"id":90382,"date":"2025-07-16T12:33:24","date_gmt":"2025-07-16T10:33:24","guid":{"rendered":"https:\/\/www.mini-art.nl\/product\/geschenktueten-hellgruen-7-x-12-cm-250-stueck\/"},"modified":"2025-07-16T12:36:57","modified_gmt":"2025-07-16T10:36:57","slug":"geschenktueten-hellgruen-7-x-12-cm-250-stueck","status":"publish","type":"product","link":"https:\/\/www.mini-art.nl\/de\/product\/geschenktueten-hellgruen-7-x-12-cm-250-stueck\/","title":{"rendered":"Geschenkt\u00fcten &#8211; Hellgr\u00fcn &#8211; 7 x 12 cm &#8211; 250 St\u00fcck"},"content":{"rendered":"<p data-start=\"469\" data-end=\"740\">Diese <strong data-start=\"474\" data-end=\"502\">Geschenkt\u00fcten in leuchtendem Gr\u00fcn<\/strong> sind perfekt f\u00fcr die festliche und auff\u00e4llige Verpackung von kleinen Geschenken, Schmuck, Karten oder Leckereien. Die kompakte Gr\u00f6\u00dfe von <strong data-start=\"649\" data-end=\"662\">7 x 12 cm<\/strong> macht sie ideal f\u00fcr Gesch\u00e4fte, Webshops, Kinderpartys oder kreative Projekte. <\/p>\n<p data-start=\"742\" data-end=\"966\">Die flachen Taschen aus <strong data-start=\"754\" data-end=\"778\">60-Gramm-Kraftpapier<\/strong> sind leicht, aber stabil genug f\u00fcr den t\u00e4glichen Gebrauch. Die frische, leuchtend gr\u00fcne Farbe sorgt f\u00fcr einen fr\u00f6hlichen Look und macht jedes Geschenk zu etwas Besonderem. <\/p>\n<hr data-start=\"968\" data-end=\"971\">\n<h3 data-start=\"973\" data-end=\"1004\">\u2705 <strong data-start=\"979\" data-end=\"1004\">Produktspezifikationen:<\/strong><\/h3>\n<ul data-start=\"1006\" data-end=\"1275\">\n<li data-start=\"1048\" data-end=\"1074\">\n<p data-start=\"1050\" data-end=\"1074\"><strong data-start=\"1050\" data-end=\"1062\">Gr\u00f6\u00dfe:<\/strong> 7 x 12 cm<\/p>\n<\/li>\n<li data-start=\"1075\" data-end=\"1114\">\n<p data-start=\"1077\" data-end=\"1114\"><strong data-start=\"1077\" data-end=\"1091\">Material:<\/strong> 60-Gramm-Kraftpapier<\/p>\n<\/li>\n<li data-start=\"1115\" data-end=\"1155\">\n<p data-start=\"1117\" data-end=\"1155\"><strong data-start=\"1117\" data-end=\"1128\">Menge:<\/strong> 250 St\u00fcck pro Packung<\/p>\n<\/li>\n<li data-start=\"1156\" data-end=\"1207\">\n<p data-start=\"1158\" data-end=\"1207\"><strong data-start=\"1158\" data-end=\"1167\">Typ:<\/strong> Flache Papiert\u00fcten (ohne Boden)<\/p>\n<\/li>\n<li data-start=\"1208\" data-end=\"1275\">\n<p data-start=\"1210\" data-end=\"1275\"><strong data-start=\"1210\" data-end=\"1225\">Anwendung:<\/strong> Schmuck, Leckereien, kleine Geschenke, Dankesch\u00f6ns<\/p>\n<\/li>\n<\/ul>\n<hr data-start=\"1277\" data-end=\"1280\">\n<p data-start=\"1282\" data-end=\"1389\"><strong data-start=\"1282\" data-end=\"1389\">Entscheiden Sie sich f\u00fcr Farbe und Komfort mit diesen kompakten Geschenktaschen &#8211; Bright Green. Praktisch, festlich und stilvoll. <\/strong><\/p>\n","protected":false},"excerpt":{"rendered":"<ul>\n<li data-start=\"1006\" data-end=\"1047\">\n<p data-start=\"1008\" data-end=\"1047\"><strong data-start=\"1008\" data-end=\"1020\">Produkt:<\/strong> Geschenkt\u00fcten &#8211; Hellgr\u00fcn<\/p>\n<\/li>\n<li data-start=\"1048\" data-end=\"1074\">\n<p data-start=\"1050\" data-end=\"1074\"><strong data-start=\"1050\" data-end=\"1062\">Gr\u00f6\u00dfe:<\/strong> 7 x 12 cm<\/p>\n<\/li>\n<li data-start=\"1075\" data-end=\"1114\">\n<p data-start=\"1077\" data-end=\"1114\"><strong data-start=\"1077\" data-end=\"1091\">Material:<\/strong> 60-Gramm-Kraftpapier<\/p>\n<\/li>\n<li data-start=\"1115\" data-end=\"1155\">\n<p data-start=\"1117\" data-end=\"1155\"><strong data-start=\"1117\" data-end=\"1128\">Menge:<\/strong> 250 St\u00fcck pro Packung<\/p>\n<\/li>\n<li data-start=\"1156\" data-end=\"1207\">\n<p data-start=\"1158\" data-end=\"1207\"><strong data-start=\"1158\" data-end=\"1167\">Typ:<\/strong> Flache Papiert\u00fcten (ohne Boden)<\/p>\n<\/li>\n<li data-start=\"1208\" data-end=\"1275\">\n<p data-start=\"1210\" data-end=\"1275\"><strong data-start=\"1210\" data-end=\"1225\">Anwendung:<\/strong> Schmuck, Leckereien, kleine Geschenke, Dankesch\u00f6ns<\/p>\n<\/li>\n<\/ul>\n","protected":false},"featured_media":90381,"template":"","meta":[],"product_brand":[],"product_cat":[930,526],"product_tag":[],"class_list":{"0":"post-90382","1":"product","2":"type-product","3":"status-publish","4":"has-post-thumbnail","6":"product_cat-geschenktuten","7":"product_cat-verpackungsmaterial","9":"first","10":"instock","11":"taxable","12":"shipping-taxable","13":"purchasable","14":"product-type-simple"},"jetpack_sharing_enabled":true,"tiered_pricing_type":"fixed","tiered_pricing_fixed_rules":{"4":11},"tiered_pricing_product_settings":{"layout":"default","base_unit_name":{"singular":null,"plural":null},"default_variation":null},"tiered_pricing_minimum_quantity":null,"tiered_pricing_roles_data":[],"tiered_pricing_percentage_rules":[],"tiered_pricing_maximum_quantity":null,"tiered_pricing_quantity_step":null,"_links":{"self":[{"href":"https:\/\/www.mini-art.nl\/de\/wp-json\/wp\/v2\/product\/90382","targetHints":{"allow":["GET"]}}],"collection":[{"href":"https:\/\/www.mini-art.nl\/de\/wp-json\/wp\/v2\/product"}],"about":[{"href":"https:\/\/www.mini-art.nl\/de\/wp-json\/wp\/v2\/types\/product"}],"wp:featuredmedia":[{"embeddable":true,"href":"https:\/\/www.mini-art.nl\/de\/wp-json\/wp\/v2\/media\/90381"}],"wp:attachment":[{"href":"https:\/\/www.mini-art.nl\/de\/wp-json\/wp\/v2\/media?parent=90382"}],"wp:term":[{"taxonomy":"product_brand","embeddable":true,"href":"https:\/\/www.mini-art.nl\/de\/wp-json\/wp\/v2\/product_brand?post=90382"},{"taxonomy":"product_cat","embeddable":true,"href":"https:\/\/www.mini-art.nl\/de\/wp-json\/wp\/v2\/product_cat?post=90382"},{"taxonomy":"product_tag","embeddable":true,"href":"https:\/\/www.mini-art.nl\/de\/wp-json\/wp\/v2\/product_tag?post=90382"}],"curies":[{"name":"wp","href":"https:\/\/api.w.org\/{rel}","templated":true}]}}