{"id":90348,"date":"2020-11-30T09:43:15","date_gmt":"2020-11-30T08:43:15","guid":{"rendered":"https:\/\/www.mini-art.nl\/product\/gefaess-mit-korken-5-x-8-cm-6-stueck\/"},"modified":"2025-08-20T16:46:16","modified_gmt":"2025-08-20T14:46:16","slug":"gefaess-mit-korken-5-x-8-cm-6-stueck","status":"publish","type":"product","link":"https:\/\/www.mini-art.nl\/de\/product\/gefaess-mit-korken-5-x-8-cm-6-stueck\/","title":{"rendered":"Gef\u00e4\u00df mit Korken 5 x 8 cm &#8211; 6 St\u00fcck"},"content":{"rendered":"<p>Diese Glasr\u00f6hren haben eine dekorative Funktion.<\/p>\n<p>Hervorragend geeignet f\u00fcr Gew\u00fcrze, Tee- und Kaffeesorten, Badeperlen, Seifen, Salze usw&#8230; etc&#8230;. <\/p>\n<p>Ideal f\u00fcr Verkostungen oder zur Herstellung von Proben.<\/p>\n<p>&nbsp;<\/p>\n","protected":false},"excerpt":{"rendered":"<p>Material: Glas<\/p>\n<p>Verpackung: Schachtel mit 6 St\u00fcck<\/p>\n<p>L\u00e4nge: 5 cm<\/p>\n<p>Durchmesser: 8 cm<\/p>\n<p>Inhalt: 120ml<\/p>\n","protected":false},"featured_media":38981,"template":"","meta":[],"product_brand":[],"product_cat":[927,925],"product_tag":[],"class_list":{"0":"post-90348","1":"product","2":"type-product","3":"status-publish","4":"has-post-thumbnail","6":"product_cat-dekorative-glaswaren","7":"product_cat-rohrchen-und-glaser","9":"first","10":"instock","11":"taxable","12":"shipping-taxable","13":"purchasable","14":"product-type-simple"},"jetpack_sharing_enabled":true,"tiered_pricing_type":"fixed","tiered_pricing_fixed_rules":{"8":11,"16":10.5,"32":10},"tiered_pricing_product_settings":{"layout":"default","base_unit_name":{"singular":null,"plural":null},"default_variation":null},"tiered_pricing_minimum_quantity":null,"tiered_pricing_roles_data":[],"tiered_pricing_percentage_rules":[],"tiered_pricing_maximum_quantity":null,"tiered_pricing_quantity_step":null,"_links":{"self":[{"href":"https:\/\/www.mini-art.nl\/de\/wp-json\/wp\/v2\/product\/90348","targetHints":{"allow":["GET"]}}],"collection":[{"href":"https:\/\/www.mini-art.nl\/de\/wp-json\/wp\/v2\/product"}],"about":[{"href":"https:\/\/www.mini-art.nl\/de\/wp-json\/wp\/v2\/types\/product"}],"wp:featuredmedia":[{"embeddable":true,"href":"https:\/\/www.mini-art.nl\/de\/wp-json\/wp\/v2\/media\/38981"}],"wp:attachment":[{"href":"https:\/\/www.mini-art.nl\/de\/wp-json\/wp\/v2\/media?parent=90348"}],"wp:term":[{"taxonomy":"product_brand","embeddable":true,"href":"https:\/\/www.mini-art.nl\/de\/wp-json\/wp\/v2\/product_brand?post=90348"},{"taxonomy":"product_cat","embeddable":true,"href":"https:\/\/www.mini-art.nl\/de\/wp-json\/wp\/v2\/product_cat?post=90348"},{"taxonomy":"product_tag","embeddable":true,"href":"https:\/\/www.mini-art.nl\/de\/wp-json\/wp\/v2\/product_tag?post=90348"}],"curies":[{"name":"wp","href":"https:\/\/api.w.org\/{rel}","templated":true}]}}