{"id":90330,"date":"2019-11-13T09:31:20","date_gmt":"2019-11-13T08:31:20","guid":{"rendered":"https:\/\/www.mini-art.nl\/product\/gefaess-mit-korken-45-x-5-cm-12-stueck\/"},"modified":"2025-08-20T16:42:04","modified_gmt":"2025-08-20T14:42:04","slug":"gefaess-mit-korken-45-x-5-cm-12-stueck","status":"publish","type":"product","link":"https:\/\/www.mini-art.nl\/de\/product\/gefaess-mit-korken-45-x-5-cm-12-stueck\/","title":{"rendered":"Gef\u00e4\u00df mit Korken 4,5 x 5 cm &#8211; 12 St\u00fcck"},"content":{"rendered":"<p>Diese Glasr\u00f6hren haben eine dekorative Funktion.<\/p>\n<p>Hervorragend geeignet f\u00fcr Gew\u00fcrze, Tee- und Kaffeesorten, Badeperlen, Seifen, Salze usw&#8230; etc&#8230;. <\/p>\n<p>Ideal f\u00fcr Verkostungen oder zur Herstellung von Proben.<\/p>\n<p>Die Rohre sind in 3 Gr\u00f6\u00dfen erh\u00e4ltlich<\/p>\n","protected":false},"excerpt":{"rendered":"<p>Material: Glas<\/p>\n<p>Verpackung: Schachtel mit 12 St\u00fcck<\/p>\n<p>L\u00e4nge: 4,5 cm<\/p>\n<p>Durchmesser: 5 cm<\/p>\n<p>Inhalt: 50ml<\/p>\n","protected":false},"featured_media":102981,"template":"","meta":[],"product_brand":[],"product_cat":[927,925],"product_tag":[],"class_list":{"0":"post-90330","1":"product","2":"type-product","3":"status-publish","4":"has-post-thumbnail","6":"product_cat-dekorative-glaswaren","7":"product_cat-rohrchen-und-glaser","9":"first","10":"instock","11":"taxable","12":"shipping-taxable","13":"purchasable","14":"product-type-simple"},"jetpack_sharing_enabled":true,"tiered_pricing_type":"fixed","tiered_pricing_fixed_rules":{"8":12,"16":11.5,"32":11},"tiered_pricing_product_settings":{"layout":"default","base_unit_name":{"singular":null,"plural":null},"default_variation":null},"tiered_pricing_minimum_quantity":null,"tiered_pricing_roles_data":[],"tiered_pricing_percentage_rules":[],"tiered_pricing_maximum_quantity":null,"tiered_pricing_quantity_step":null,"_links":{"self":[{"href":"https:\/\/www.mini-art.nl\/de\/wp-json\/wp\/v2\/product\/90330","targetHints":{"allow":["GET"]}}],"collection":[{"href":"https:\/\/www.mini-art.nl\/de\/wp-json\/wp\/v2\/product"}],"about":[{"href":"https:\/\/www.mini-art.nl\/de\/wp-json\/wp\/v2\/types\/product"}],"wp:featuredmedia":[{"embeddable":true,"href":"https:\/\/www.mini-art.nl\/de\/wp-json\/wp\/v2\/media\/102981"}],"wp:attachment":[{"href":"https:\/\/www.mini-art.nl\/de\/wp-json\/wp\/v2\/media?parent=90330"}],"wp:term":[{"taxonomy":"product_brand","embeddable":true,"href":"https:\/\/www.mini-art.nl\/de\/wp-json\/wp\/v2\/product_brand?post=90330"},{"taxonomy":"product_cat","embeddable":true,"href":"https:\/\/www.mini-art.nl\/de\/wp-json\/wp\/v2\/product_cat?post=90330"},{"taxonomy":"product_tag","embeddable":true,"href":"https:\/\/www.mini-art.nl\/de\/wp-json\/wp\/v2\/product_tag?post=90330"}],"curies":[{"name":"wp","href":"https:\/\/api.w.org\/{rel}","templated":true}]}}