{"id":90307,"date":"2024-11-01T11:39:03","date_gmt":"2024-11-01T10:39:03","guid":{"rendered":"https:\/\/www.mini-art.nl\/product\/rohrhalter-25mm\/"},"modified":"2025-08-20T17:02:49","modified_gmt":"2025-08-20T15:02:49","slug":"rohrhalter-25mm","status":"publish","type":"product","link":"https:\/\/www.mini-art.nl\/de\/product\/rohrhalter-25mm\/","title":{"rendered":"Rohrhalter-25mm"},"content":{"rendered":"<p>Attraktiver R\u00f6hrchenhalter, geeignet f\u00fcr 16 R\u00f6hrchen. Dieser R\u00f6hrchenhalter sorgt f\u00fcr eine optimale Pr\u00e4sentation der kleinen R\u00f6hrchen. Mit Sorgfalt von Label_72 hergestellt und montiert.  <\/p>\n","protected":false},"excerpt":{"rendered":"<p>R\u00f6hrchenhalter<\/p>\n<p>Geeignet f\u00fcr 16 R\u00f6hrchen<\/p>\n<p>Format:<\/p>\n<p>L\u00e4nge: 18 cm<\/p>\n<p>Breite: 22 cm<\/p>\n<p>H\u00f6he: 1,8 cm<\/p>\n<p>Lochdurchmesser: 2,5cm<\/p>\n<p>Material: Holz<\/p>\n","protected":false},"featured_media":29234,"template":"","meta":[],"product_brand":[],"product_cat":[927,487,926,925],"product_tag":[],"class_list":{"0":"post-90307","1":"product","2":"type-product","3":"status-publish","4":"has-post-thumbnail","6":"product_cat-dekorative-glaswaren","7":"product_cat-label_72","8":"product_cat-label72-seifen","9":"product_cat-rohrchen-und-glaser","11":"first","12":"instock","13":"taxable","14":"shipping-taxable","15":"purchasable","16":"product-type-simple"},"jetpack_sharing_enabled":true,"tiered_pricing_type":"fixed","tiered_pricing_fixed_rules":{"3":6.95,"6":6.75,"12":6.5},"tiered_pricing_product_settings":{"layout":"default","base_unit_name":{"singular":null,"plural":null},"default_variation":null},"tiered_pricing_minimum_quantity":null,"tiered_pricing_roles_data":[],"tiered_pricing_percentage_rules":[],"tiered_pricing_maximum_quantity":null,"tiered_pricing_quantity_step":null,"_links":{"self":[{"href":"https:\/\/www.mini-art.nl\/de\/wp-json\/wp\/v2\/product\/90307","targetHints":{"allow":["GET"]}}],"collection":[{"href":"https:\/\/www.mini-art.nl\/de\/wp-json\/wp\/v2\/product"}],"about":[{"href":"https:\/\/www.mini-art.nl\/de\/wp-json\/wp\/v2\/types\/product"}],"wp:featuredmedia":[{"embeddable":true,"href":"https:\/\/www.mini-art.nl\/de\/wp-json\/wp\/v2\/media\/29234"}],"wp:attachment":[{"href":"https:\/\/www.mini-art.nl\/de\/wp-json\/wp\/v2\/media?parent=90307"}],"wp:term":[{"taxonomy":"product_brand","embeddable":true,"href":"https:\/\/www.mini-art.nl\/de\/wp-json\/wp\/v2\/product_brand?post=90307"},{"taxonomy":"product_cat","embeddable":true,"href":"https:\/\/www.mini-art.nl\/de\/wp-json\/wp\/v2\/product_cat?post=90307"},{"taxonomy":"product_tag","embeddable":true,"href":"https:\/\/www.mini-art.nl\/de\/wp-json\/wp\/v2\/product_tag?post=90307"}],"curies":[{"name":"wp","href":"https:\/\/api.w.org\/{rel}","templated":true}]}}