{"id":88390,"date":"2025-03-04T15:33:34","date_gmt":"2025-03-04T14:33:34","guid":{"rendered":"https:\/\/www.mini-art.nl\/product\/papierrolle-misty-pink-50-gramm-geschenkpapier-60cm-x-400m\/"},"modified":"2025-07-04T13:26:27","modified_gmt":"2025-07-04T11:26:27","slug":"papierrolle-misty-pink-50-gramm-geschenkpapier-60cm-x-400m","status":"publish","type":"product","link":"https:\/\/www.mini-art.nl\/de\/product\/papierrolle-misty-pink-50-gramm-geschenkpapier-60cm-x-400m\/","title":{"rendered":"Papierrolle &#8211; Misty Pink &#8211; 50 Gramm &#8211; Geschenkpapier &#8211; 60cm x 400m"},"content":{"rendered":"<p data-start=\"89\" data-end=\"390\">Verleihen Sie Ihren Geschenken und Verpackungen einen <strong data-start=\"125\" data-end=\"162\">eleganten und raffinierten Look<\/strong> mit dieser <strong data-start=\"172\" data-end=\"199\">Papierrolle in Misty Pink<\/strong>. Mit einer <strong data-start=\"209\" data-end=\"265\">Breite von 60 cm und einer gro\u00dfz\u00fcgigen L\u00e4nge von 400 Metern<\/strong> eignet sich dieses <strong data-start=\"274\" data-end=\"301\">hochwertige Geschenkpapier<\/strong> perfekt f\u00fcr den <strong data-start=\"315\" data-end=\"387\">Einzelhandel, Geschenkverpackungen, kreative Projekte und Dekorationen<\/strong>. <\/p>\n<p data-start=\"392\" data-end=\"622\">Das <strong data-start=\"396\" data-end=\"415\">60 g\/m\u00b2 starke Papier<\/strong> ist stabil genug, um Geschenke sch\u00f6n zu verpacken, und l\u00e4sst sich f\u00fcr ein elegantes Finish glatt falten. Die <strong data-start=\"522\" data-end=\"551\">zarte, neblige rosa Farbe<\/strong> verleiht dem Papier einen luxuri\u00f6sen und weichen Look, perfekt f\u00fcr jeden Anlass. <\/p>\n<h3 data-start=\"624\" data-end=\"668\"><strong data-start=\"628\" data-end=\"666\">Warum diese Papierrolle w\u00e4hlen?<\/strong><\/h3>\n<p data-start=\"669\" data-end=\"1084\">\u2714 <strong data-start=\"671\" data-end=\"702\">Stilvolle Farbe Misty Pink<\/strong> &#8211; Elegant und modern f\u00fcr jede Verpackung<br data-start=\"743\" data-end=\"746\">\u2714 <strong data-start=\"748\" data-end=\"779\">Gro\u00dfes Format (60cm x 400m)<\/strong> &#8211; Geeignet f\u00fcr gro\u00dfe und kleine Verpackungen<br data-start=\"824\" data-end=\"827\">\u2714 <strong data-start=\"829\" data-end=\"848\">60 g\/m\u00b2 Papier<\/strong> &#8211; Stabil und dennoch flexibel f\u00fcr enge Verpackungen<br data-start=\"894\" data-end=\"897\">\u2714 <strong data-start=\"899\" data-end=\"923\">Vielseitig<\/strong> &#8211; Ideal f\u00fcr Geschenkverpackungen, Einzelhandelsgesch\u00e4fte, Floristen und kreative Projekte<br data-start=\"1000\" data-end=\"1003\" data-is-only-node=\"\">\u2714 <strong data-start=\"1005\" data-end=\"1034\">Langlebig und professionell<\/strong> &#8211; Geeignet f\u00fcr den privaten und gesch\u00e4ftlichen Gebrauch<\/p>\n<h3 data-start=\"1086\" data-end=\"1109\"><strong data-start=\"1090\" data-end=\"1107\">Perfekt f\u00fcr:<\/strong><\/h3>\n<p data-start=\"1110\" data-end=\"1462\">\ud83c\udf81 <strong data-start=\"1113\" data-end=\"1135\">Geschenkverpackungen<\/strong> &#8211; Luxuri\u00f6ser Look f\u00fcr Geschenke und Pakete<br data-start=\"1183\" data-end=\"1186\">\ud83d\udecd <strong data-start=\"1189\" data-end=\"1215\">Verwendung in Gesch\u00e4ften und im Einzelhandel<\/strong> &#8211; Ideal f\u00fcr Verpackungen in Gesch\u00e4ften und Boutiquen<br data-start=\"1265\" data-end=\"1268\">\ud83c\udfa8 <strong data-start=\"1271\" data-end=\"1300\">Kreative Projekte und Heimwerkerarbeiten<\/strong> &#8211; Perfekt f\u00fcr Scrapbooking, Dekoration und Bastelarbeiten<br data-start=\"1369\" data-end=\"1372\">\ud83d\udce6 <strong data-start=\"1375\" data-end=\"1398\">Versandverpackungen<\/strong> &#8211; Verleiht Paketen einen stilvollen und professionellen Look<\/p>\n<h3 data-start=\"1464\" data-end=\"1495\"><strong data-start=\"1468\" data-end=\"1493\">Produktspezifikationen:<\/strong><\/h3>\n<ul data-start=\"1496\" data-end=\"1641\">\n<li data-start=\"1496\" data-end=\"1521\"><strong data-start=\"1498\" data-end=\"1508\">Farbe:<\/strong> Nebliges Rosa<\/li>\n<li data-start=\"1522\" data-end=\"1566\"><strong data-start=\"1524\" data-end=\"1539\">Abmessungen:<\/strong> 60 cm breit x 400 m lang<\/li>\n<li data-start=\"1567\" data-end=\"1598\"><strong data-start=\"1569\" data-end=\"1587\">Papiergewicht:<\/strong> 60 g\/m\u00b2<\/li>\n<li data-start=\"1599\" data-end=\"1641\"><strong data-start=\"1601\" data-end=\"1615\">Material:<\/strong> Hochwertiges Geschenkpapier<\/li>\n<\/ul>\n<p data-start=\"1643\" data-end=\"1763\" data-is-last-node=\"\" data-is-only-node=\"\">\n","protected":false},"excerpt":{"rendered":"<ul data-start=\"1496\" data-end=\"1641\">\n<li data-start=\"1496\" data-end=\"1521\"><strong data-start=\"1498\" data-end=\"1508\">Farbe:<\/strong> Nebliges Rosa<\/li>\n<li data-start=\"1522\" data-end=\"1566\"><strong data-start=\"1524\" data-end=\"1539\">Abmessungen:<\/strong> 60 cm breit x 400 m lang<\/li>\n<li data-start=\"1567\" data-end=\"1598\"><strong data-start=\"1569\" data-end=\"1587\">Papiergewicht:<\/strong> 60 g\/m\u00b2<\/li>\n<li data-start=\"1599\" data-end=\"1641\"><strong data-start=\"1601\" data-end=\"1615\">Material:<\/strong> Hochwertiges Geschenkpapier<\/li>\n<\/ul>\n","protected":false},"featured_media":88370,"template":"","meta":[],"product_brand":[],"product_cat":[873],"product_tag":[],"class_list":{"0":"post-88390","1":"product","2":"type-product","3":"status-publish","4":"has-post-thumbnail","6":"product_cat-verabschiedet-thema-zum-schuljahresende-de","8":"first","9":"outofstock","10":"taxable","11":"shipping-taxable","12":"purchasable","13":"product-type-simple"},"jetpack_sharing_enabled":true,"tiered_pricing_type":"fixed","tiered_pricing_fixed_rules":[],"tiered_pricing_product_settings":{"layout":"default","base_unit_name":{"singular":null,"plural":null},"default_variation":null},"tiered_pricing_minimum_quantity":null,"tiered_pricing_roles_data":[],"tiered_pricing_percentage_rules":[],"tiered_pricing_maximum_quantity":null,"tiered_pricing_quantity_step":null,"_links":{"self":[{"href":"https:\/\/www.mini-art.nl\/de\/wp-json\/wp\/v2\/product\/88390","targetHints":{"allow":["GET"]}}],"collection":[{"href":"https:\/\/www.mini-art.nl\/de\/wp-json\/wp\/v2\/product"}],"about":[{"href":"https:\/\/www.mini-art.nl\/de\/wp-json\/wp\/v2\/types\/product"}],"wp:featuredmedia":[{"embeddable":true,"href":"https:\/\/www.mini-art.nl\/de\/wp-json\/wp\/v2\/media\/88370"}],"wp:attachment":[{"href":"https:\/\/www.mini-art.nl\/de\/wp-json\/wp\/v2\/media?parent=88390"}],"wp:term":[{"taxonomy":"product_brand","embeddable":true,"href":"https:\/\/www.mini-art.nl\/de\/wp-json\/wp\/v2\/product_brand?post=88390"},{"taxonomy":"product_cat","embeddable":true,"href":"https:\/\/www.mini-art.nl\/de\/wp-json\/wp\/v2\/product_cat?post=88390"},{"taxonomy":"product_tag","embeddable":true,"href":"https:\/\/www.mini-art.nl\/de\/wp-json\/wp\/v2\/product_tag?post=88390"}],"curies":[{"name":"wp","href":"https:\/\/api.w.org\/{rel}","templated":true}]}}