{"id":88385,"date":"2025-03-04T16:07:56","date_gmt":"2025-03-04T15:07:56","guid":{"rendered":"https:\/\/www.mini-art.nl\/product\/rollenpapier-dunkelgruen-geschenkpapier-50cm-x-100m\/"},"modified":"2025-07-04T13:26:25","modified_gmt":"2025-07-04T11:26:25","slug":"rollenpapier-dunkelgruen-geschenkpapier-50cm-x-100m","status":"publish","type":"product","link":"https:\/\/www.mini-art.nl\/de\/product\/rollenpapier-dunkelgruen-geschenkpapier-50cm-x-100m\/","title":{"rendered":"Rollenpapier &#8211; Dunkelgr\u00fcn &#8211; Geschenkpapier &#8211; 50cm x 100m"},"content":{"rendered":"<p data-start=\"91\" data-end=\"377\">Verleihen Sie Ihren Geschenken und Verpackungen ein <strong data-start=\"127\" data-end=\"161\">luxuri\u00f6ses und stilvolles Aussehen<\/strong> mit dieser <strong data-start=\"171\" data-end=\"200\">Papierrolle in Dunkelgr\u00fcn<\/strong>. Mit einer <strong data-start=\"210\" data-end=\"259\">Breite von 50 cm und einer L\u00e4nge von 100 Metern<\/strong> ist dieses <strong data-start=\"268\" data-end=\"295\">hochwertige Geschenkpapier<\/strong> ideal f\u00fcr <strong data-start=\"308\" data-end=\"374\">Geschenkverpackungen, Gesch\u00e4fte, Floristen und kreative Projekte<\/strong>. <\/p>\n<p data-start=\"379\" data-end=\"633\">Das <strong data-start=\"383\" data-end=\"402\">60 g\/m\u00b2 starke Papier<\/strong> hat die perfekte Dicke: <strong data-start=\"428\" data-end=\"528\">fest genug f\u00fcr Luxusverpackungen, aber geschmeidig genug, um sch\u00f6n zu falten und fest zu verschlie\u00dfen<\/strong>. Die <strong data-start=\"533\" data-end=\"561\">tief dunkelgr\u00fcne Farbe<\/strong> strahlt Eleganz und Zeitlosigkeit aus, perfekt f\u00fcr jeden Anlass. <\/p>\n<h3 data-start=\"635\" data-end=\"679\"><strong data-start=\"639\" data-end=\"677\">Warum diese Papierrolle w\u00e4hlen?<\/strong><\/h3>\n<p data-start=\"680\" data-end=\"1114\">\u2714 <strong data-start=\"682\" data-end=\"709\">Luxuri\u00f6se dunkelgr\u00fcne Farbe<\/strong> &#8211; Klassisch, stilvoll und perfekt f\u00fcr festliche Verpackungen<br data-start=\"771\" data-end=\"774\">\u2714 <strong data-start=\"776\" data-end=\"808\">Handliches Format (50cm x 100m)<\/strong> &#8211; Geeignet f\u00fcr kleine und gr\u00f6\u00dfere Geschenke<br data-start=\"857\" data-end=\"860\">\u2714 <strong data-start=\"862\" data-end=\"881\">60 g\/m\u00b2 Papier<\/strong> &#8211; Stabil und dennoch geschmeidig f\u00fcr m\u00fcheloses Einpacken<br data-start=\"930\" data-end=\"933\">\u2714 <strong data-start=\"935\" data-end=\"959\">Vielseitig einsetzbar<\/strong> &#8211; Perfekt f\u00fcr Geschenkverpackungen, Einzelhandelsgesch\u00e4fte, Floristen und Heimwerkerprojekte<br data-start=\"1031\" data-end=\"1034\" data-is-only-node=\"\">\u2714 <strong data-start=\"1036\" data-end=\"1064\">Langlebig und professionell<\/strong> &#8211; Geeignet f\u00fcr private und gesch\u00e4ftliche Zwecke<\/p>\n<h3 data-start=\"1116\" data-end=\"1139\"><strong data-start=\"1120\" data-end=\"1137\">Perfekt f\u00fcr:<\/strong><\/h3>\n<p data-start=\"1140\" data-end=\"1482\">\ud83c\udf81 <strong data-start=\"1143\" data-end=\"1165\">Geschenkverpackungen<\/strong> &#8211; Ideal f\u00fcr Luxus- und Festtagsgeschenke<br data-start=\"1207\" data-end=\"1210\">\ud83d\udecd <strong data-start=\"1213\" data-end=\"1239\">Verwendung in Gesch\u00e4ften und im Einzelhandel<\/strong> &#8211; Geeignet f\u00fcr Verpackungen in Boutiquen und Concept Stores<br data-start=\"1298\" data-end=\"1301\">\ud83c\udfa8 <strong data-start=\"1304\" data-end=\"1333\">Kreative Projekte und Heimwerken<\/strong> &#8211; Perfekt f\u00fcr Scrapbooking, Dekoration und Bastelarbeiten<br data-start=\"1389\" data-end=\"1392\">\ud83d\udce6 <strong data-start=\"1395\" data-end=\"1418\">Versandverpackungen<\/strong> &#8211; Verleiht Paketen ein stilvolles und professionelles Aussehen<\/p>\n<h3 data-start=\"1484\" data-end=\"1515\"><strong data-start=\"1488\" data-end=\"1513\">Produktspezifikationen:<\/strong><\/h3>\n<ul data-start=\"1516\" data-end=\"1663\">\n<li data-start=\"1516\" data-end=\"1543\"><strong data-start=\"1518\" data-end=\"1528\">Farbe:<\/strong> Dunkelgr\u00fcn<\/li>\n<li data-start=\"1544\" data-end=\"1588\"><strong data-start=\"1546\" data-end=\"1561\">Abmessungen:<\/strong> 50 cm breit x 100 m lang<\/li>\n<li data-start=\"1589\" data-end=\"1620\"><strong data-start=\"1591\" data-end=\"1609\">Papiergewicht:<\/strong> 60 g\/m\u00b2<\/li>\n<li data-start=\"1621\" data-end=\"1663\"><strong data-start=\"1623\" data-end=\"1637\">Material:<\/strong> Hochwertiges Geschenkpapier<\/li>\n<\/ul>\n","protected":false},"excerpt":{"rendered":"<ul>\n<li data-start=\"1516\" data-end=\"1543\"><strong data-start=\"1518\" data-end=\"1528\">Farbe:<\/strong> Dunkelgr\u00fcn<\/li>\n<li data-start=\"1544\" data-end=\"1588\"><strong data-start=\"1546\" data-end=\"1561\">Abmessungen:<\/strong> 50 cm breit x 100 m lang<\/li>\n<li data-start=\"1589\" data-end=\"1620\"><strong data-start=\"1591\" data-end=\"1609\">Papiergewicht:<\/strong> 60 g\/m\u00b2<\/li>\n<li data-start=\"1621\" data-end=\"1663\"><strong data-start=\"1623\" data-end=\"1637\">Material:<\/strong> Hochwertiges Geschenkpapier<\/li>\n<\/ul>\n","protected":false},"featured_media":93562,"template":"","meta":[],"product_brand":[],"product_cat":[780,511],"product_tag":[],"class_list":{"0":"post-88385","1":"product","2":"type-product","3":"status-publish","4":"has-post-thumbnail","6":"product_cat-basic-papier-rollen","7":"product_cat-geschenkpapier","9":"first","10":"instock","11":"taxable","12":"shipping-taxable","13":"purchasable","14":"product-type-simple"},"jetpack_sharing_enabled":true,"tiered_pricing_type":"fixed","tiered_pricing_fixed_rules":[],"tiered_pricing_product_settings":{"layout":"default","base_unit_name":{"singular":null,"plural":null},"default_variation":null},"tiered_pricing_minimum_quantity":null,"tiered_pricing_roles_data":[],"tiered_pricing_percentage_rules":[],"tiered_pricing_maximum_quantity":null,"tiered_pricing_quantity_step":null,"_links":{"self":[{"href":"https:\/\/www.mini-art.nl\/de\/wp-json\/wp\/v2\/product\/88385","targetHints":{"allow":["GET"]}}],"collection":[{"href":"https:\/\/www.mini-art.nl\/de\/wp-json\/wp\/v2\/product"}],"about":[{"href":"https:\/\/www.mini-art.nl\/de\/wp-json\/wp\/v2\/types\/product"}],"wp:featuredmedia":[{"embeddable":true,"href":"https:\/\/www.mini-art.nl\/de\/wp-json\/wp\/v2\/media\/93562"}],"wp:attachment":[{"href":"https:\/\/www.mini-art.nl\/de\/wp-json\/wp\/v2\/media?parent=88385"}],"wp:term":[{"taxonomy":"product_brand","embeddable":true,"href":"https:\/\/www.mini-art.nl\/de\/wp-json\/wp\/v2\/product_brand?post=88385"},{"taxonomy":"product_cat","embeddable":true,"href":"https:\/\/www.mini-art.nl\/de\/wp-json\/wp\/v2\/product_cat?post=88385"},{"taxonomy":"product_tag","embeddable":true,"href":"https:\/\/www.mini-art.nl\/de\/wp-json\/wp\/v2\/product_tag?post=88385"}],"curies":[{"name":"wp","href":"https:\/\/api.w.org\/{rel}","templated":true}]}}