{"id":75320,"date":"2023-08-31T09:36:40","date_gmt":"2023-08-31T07:36:40","guid":{"rendered":"https:\/\/www.mini-art.nl\/?post_type=product&#038;p=75320"},"modified":"2024-10-01T16:54:08","modified_gmt":"2024-10-01T14:54:08","slug":"geschenk-anhanger-christmas-20-stuks-kopie-2","status":"publish","type":"product","link":"https:\/\/www.mini-art.nl\/de\/product\/geschenk-anhanger-christmas-20-stuks-kopie-2\/","title":{"rendered":"Geschenk Anh\u00e4nger \u2013 Christmas \u2013 20 stuks"},"content":{"rendered":"<p>sch\u00f6ne kleine Gru\u00dfkarten f\u00fcr Geschenke und Blumen zu g\u00fcnstigen Preisen<\/p>\n","protected":false},"excerpt":{"rendered":"<p>Geschenk Anh\u00e4nger<\/p>\n<p>Gr\u00f6sse: 70 x 70 mm<\/p>\n<p>Papier: 300g. FSC-zertifiziertem<\/p>\n<p>Menge: 20 St\u00fcck<\/p>\n","protected":false},"featured_media":75323,"template":"","meta":[],"product_brand":[],"product_cat":[705],"product_tag":[],"class_list":{"0":"post-75320","1":"product","2":"type-product","3":"status-publish","4":"has-post-thumbnail","6":"product_cat-geschenkarten-mini-weihnachten","8":"first","9":"instock","10":"taxable","11":"shipping-taxable","12":"purchasable","13":"product-type-simple"},"jetpack_sharing_enabled":true,"tiered_pricing_type":"fixed","tiered_pricing_fixed_rules":[],"tiered_pricing_product_settings":{"layout":"default","base_unit_name":{"singular":null,"plural":null},"default_variation":null},"tiered_pricing_minimum_quantity":null,"tiered_pricing_roles_data":[],"tiered_pricing_percentage_rules":[],"tiered_pricing_maximum_quantity":null,"tiered_pricing_quantity_step":null,"_links":{"self":[{"href":"https:\/\/www.mini-art.nl\/de\/wp-json\/wp\/v2\/product\/75320","targetHints":{"allow":["GET"]}}],"collection":[{"href":"https:\/\/www.mini-art.nl\/de\/wp-json\/wp\/v2\/product"}],"about":[{"href":"https:\/\/www.mini-art.nl\/de\/wp-json\/wp\/v2\/types\/product"}],"wp:featuredmedia":[{"embeddable":true,"href":"https:\/\/www.mini-art.nl\/de\/wp-json\/wp\/v2\/media\/75323"}],"wp:attachment":[{"href":"https:\/\/www.mini-art.nl\/de\/wp-json\/wp\/v2\/media?parent=75320"}],"wp:term":[{"taxonomy":"product_brand","embeddable":true,"href":"https:\/\/www.mini-art.nl\/de\/wp-json\/wp\/v2\/product_brand?post=75320"},{"taxonomy":"product_cat","embeddable":true,"href":"https:\/\/www.mini-art.nl\/de\/wp-json\/wp\/v2\/product_cat?post=75320"},{"taxonomy":"product_tag","embeddable":true,"href":"https:\/\/www.mini-art.nl\/de\/wp-json\/wp\/v2\/product_tag?post=75320"}],"curies":[{"name":"wp","href":"https:\/\/api.w.org\/{rel}","templated":true}]}}