{"id":73850,"date":"2022-02-02T14:11:28","date_gmt":"2022-02-02T13:11:28","guid":{"rendered":"https:\/\/www.mini-art.nl\/product\/together-121\/"},"modified":"2026-01-29T13:07:30","modified_gmt":"2026-01-29T12:07:30","slug":"together-121","status":"publish","type":"product","link":"https:\/\/www.mini-art.nl\/de\/product\/together-121\/","title":{"rendered":"Gemeinsam Gru\u00dfkarte \u2013 hurra das baby ist da \u2013 6 St\u00fccke"},"content":{"rendered":"<p>Eine wundersch\u00f6ne quadratische Karte von Label_72. Diese Gru\u00dfkarte mit lustigen, spontanen und frechen Nachrichten macht Spa\u00df beim Geben und Empfangen.<br \/>\nAu\u00dferdem werden die Gru\u00dfkarten zu dekorativen Zwecken verwendet. <\/p>\n<p>Die Together Gru\u00dfkarten sind ebenfalls in einer wundersch\u00f6nen rotierenden Ausstellungsm\u00fchle erh\u00e4ltlich.<\/p>\n","protected":false},"excerpt":{"rendered":"<p>Gemeinsam Gru\u00dfkartentyp<\/p>\n<p>: robuste Einzelkarte<br \/>\n. Format: 150 x 150 mm<br \/>\nPapier: 400 Gramm Wei\u00dfpapier (FSC)<br \/>\n Druck: Schwarz<br \/>\nVerpackungseinheit: pro 6 St\u00fcck<br \/>\nIhr Kaufpreis pro St\u00fcck: 0,75 \u20ac<\/p>\n","protected":false},"featured_media":56183,"template":"","meta":[],"product_brand":[],"product_cat":[533,537,492],"product_tag":[],"class_list":{"0":"post-73850","1":"product","2":"type-product","3":"status-publish","4":"has-post-thumbnail","6":"product_cat-wunschkarten","7":"product_cat-together-kaarten-de","8":"product_cat-together-wunschkarten","10":"first","11":"instock","12":"taxable","13":"shipping-taxable","14":"purchasable","15":"product-type-simple"},"jetpack_sharing_enabled":true,"tiered_pricing_type":"fixed","tiered_pricing_fixed_rules":[],"tiered_pricing_product_settings":{"layout":"default","base_unit_name":{"singular":null,"plural":null},"default_variation":null},"tiered_pricing_minimum_quantity":null,"tiered_pricing_roles_data":[],"tiered_pricing_percentage_rules":[],"tiered_pricing_maximum_quantity":null,"tiered_pricing_quantity_step":null,"_links":{"self":[{"href":"https:\/\/www.mini-art.nl\/de\/wp-json\/wp\/v2\/product\/73850","targetHints":{"allow":["GET"]}}],"collection":[{"href":"https:\/\/www.mini-art.nl\/de\/wp-json\/wp\/v2\/product"}],"about":[{"href":"https:\/\/www.mini-art.nl\/de\/wp-json\/wp\/v2\/types\/product"}],"wp:featuredmedia":[{"embeddable":true,"href":"https:\/\/www.mini-art.nl\/de\/wp-json\/wp\/v2\/media\/56183"}],"wp:attachment":[{"href":"https:\/\/www.mini-art.nl\/de\/wp-json\/wp\/v2\/media?parent=73850"}],"wp:term":[{"taxonomy":"product_brand","embeddable":true,"href":"https:\/\/www.mini-art.nl\/de\/wp-json\/wp\/v2\/product_brand?post=73850"},{"taxonomy":"product_cat","embeddable":true,"href":"https:\/\/www.mini-art.nl\/de\/wp-json\/wp\/v2\/product_cat?post=73850"},{"taxonomy":"product_tag","embeddable":true,"href":"https:\/\/www.mini-art.nl\/de\/wp-json\/wp\/v2\/product_tag?post=73850"}],"curies":[{"name":"wp","href":"https:\/\/api.w.org\/{rel}","templated":true}]}}