{"id":30699,"date":"2019-11-13T09:24:54","date_gmt":"2019-11-13T09:24:54","guid":{"rendered":"https:\/\/www.mini-art.nl\/product\/paperlook-wei\/"},"modified":"2025-08-20T16:12:08","modified_gmt":"2025-08-20T14:12:08","slug":"paperlook-wei","status":"publish","type":"product","link":"https:\/\/www.mini-art.nl\/de\/product\/paperlook-wei\/","title":{"rendered":"Paperlook Kr\u00e4uselband &#8211; 10 mm x 250 Meter &#8211; wei\u00df"},"content":{"rendered":"<p>Das Band ist 10 mm breit und die Rolle enth\u00e4lt 250 Meter Band. Das Kr\u00e4uselband aus dieser Paperlook-Serie kann als Dekoband beim Einpacken von Geschenken verwendet werden. Das Band l\u00e4sst sich leicht mit einer Schere kr\u00e4useln oder mit einem Bandspalter teilen. Dadurch entsteht ein besonders festlicher Effekt. Durch die Maserung und die matten Farben hat dieses Band eine nat\u00fcrliche Ausstrahlung.    <\/p>\n<p>Wir k\u00f6nnen das Paperlook-Band auch mit Ihrem Namen und Logo bedrucken. Fragen Sie uns nach den M\u00f6glichkeiten oder besuchen Sie unsere Website. <\/p>\n","protected":false},"excerpt":{"rendered":"<p>Kr\u00e4uselband paperlook<\/p>\n<p>Breite: 10 mm<\/p>\n<p>Rollenl\u00e4nge: 250 Meter<\/p>\n<p>Das paperlook-Band l\u00e4sst sich gut teilen und kr\u00e4useln<\/p>\n<p>Erh\u00e4ltlich in lustigen Farben<\/p>\n<p>Farbe: wei\u00df<\/p>\n","protected":false},"featured_media":27962,"template":"","meta":[],"product_brand":[],"product_cat":[494,505],"product_tag":[],"class_list":{"0":"post-30699","1":"product","2":"type-product","3":"status-publish","4":"has-post-thumbnail","6":"product_cat-geschenkbaender","7":"product_cat-krauselband-paperlook","9":"first","10":"instock","11":"taxable","12":"shipping-taxable","13":"purchasable","14":"product-type-simple"},"jetpack_sharing_enabled":true,"tiered_pricing_type":"fixed","tiered_pricing_fixed_rules":{"6":6.25,"12":5.95,"24":5.5},"tiered_pricing_product_settings":{"layout":"default","base_unit_name":{"singular":null,"plural":null},"default_variation":null},"tiered_pricing_minimum_quantity":null,"tiered_pricing_roles_data":[],"tiered_pricing_percentage_rules":[],"tiered_pricing_maximum_quantity":null,"tiered_pricing_quantity_step":null,"_links":{"self":[{"href":"https:\/\/www.mini-art.nl\/de\/wp-json\/wp\/v2\/product\/30699","targetHints":{"allow":["GET"]}}],"collection":[{"href":"https:\/\/www.mini-art.nl\/de\/wp-json\/wp\/v2\/product"}],"about":[{"href":"https:\/\/www.mini-art.nl\/de\/wp-json\/wp\/v2\/types\/product"}],"wp:featuredmedia":[{"embeddable":true,"href":"https:\/\/www.mini-art.nl\/de\/wp-json\/wp\/v2\/media\/27962"}],"wp:attachment":[{"href":"https:\/\/www.mini-art.nl\/de\/wp-json\/wp\/v2\/media?parent=30699"}],"wp:term":[{"taxonomy":"product_brand","embeddable":true,"href":"https:\/\/www.mini-art.nl\/de\/wp-json\/wp\/v2\/product_brand?post=30699"},{"taxonomy":"product_cat","embeddable":true,"href":"https:\/\/www.mini-art.nl\/de\/wp-json\/wp\/v2\/product_cat?post=30699"},{"taxonomy":"product_tag","embeddable":true,"href":"https:\/\/www.mini-art.nl\/de\/wp-json\/wp\/v2\/product_tag?post=30699"}],"curies":[{"name":"wp","href":"https:\/\/api.w.org\/{rel}","templated":true}]}}