{"id":30371,"date":"2019-11-13T09:33:04","date_gmt":"2019-11-13T09:33:04","guid":{"rendered":"https:\/\/www.mini-art.nl\/product\/lets-stay-home\/"},"modified":"2026-01-29T12:47:13","modified_gmt":"2026-01-29T11:47:13","slug":"lets-stay-home","status":"publish","type":"product","link":"https:\/\/www.mini-art.nl\/de\/product\/lets-stay-home\/","title":{"rendered":"Geschenkkarten \u2013 20 St\u00fcck \u2013 Lass uns zu Hause bleiben"},"content":{"rendered":"<p>&#8222;Entdecken Sie unsere sch\u00f6nen Blumen- und Geschenkkarten! Verleihen Sie Ihren Geschenken einen Hauch von Farbe und Spa\u00df mit unseren einzigartigen Designs. Unsere Karten passen zu jedem Anlass und machen Ihren Blumenstrau\u00df oder Ihr Geschenk zu etwas ganz Besonderem. Bestellen Sie noch heute und geben Sie Ihrem Geschenk eine pers\u00f6nliche Note!&#8220;<\/p>\n","protected":false},"excerpt":{"rendered":"<p>We-Two Geschenkkarten<br \/>\nEinzelkarte mit Bohrloch<\/p>\n<p>. Papier: 300 gram. FCS-Papierformat<\/p>\n<p>: 70 x 70 mm<\/p>\n<p>, verpackt pro 20 St\u00fcck.<\/p>\n","protected":false},"featured_media":25266,"template":"","meta":[],"product_brand":[],"product_cat":[481,485],"product_tag":[],"class_list":{"0":"post-30371","1":"product","2":"type-product","3":"status-publish","4":"has-post-thumbnail","6":"product_cat-geschenkkarten-mini","7":"product_cat-we-to","9":"first","10":"instock","11":"taxable","12":"shipping-taxable","13":"purchasable","14":"product-type-simple"},"jetpack_sharing_enabled":true,"tiered_pricing_type":"fixed","tiered_pricing_fixed_rules":[],"tiered_pricing_product_settings":{"layout":"default","base_unit_name":{"singular":null,"plural":null},"default_variation":null},"tiered_pricing_minimum_quantity":null,"tiered_pricing_roles_data":[],"tiered_pricing_percentage_rules":[],"tiered_pricing_maximum_quantity":null,"tiered_pricing_quantity_step":null,"_links":{"self":[{"href":"https:\/\/www.mini-art.nl\/de\/wp-json\/wp\/v2\/product\/30371","targetHints":{"allow":["GET"]}}],"collection":[{"href":"https:\/\/www.mini-art.nl\/de\/wp-json\/wp\/v2\/product"}],"about":[{"href":"https:\/\/www.mini-art.nl\/de\/wp-json\/wp\/v2\/types\/product"}],"wp:featuredmedia":[{"embeddable":true,"href":"https:\/\/www.mini-art.nl\/de\/wp-json\/wp\/v2\/media\/25266"}],"wp:attachment":[{"href":"https:\/\/www.mini-art.nl\/de\/wp-json\/wp\/v2\/media?parent=30371"}],"wp:term":[{"taxonomy":"product_brand","embeddable":true,"href":"https:\/\/www.mini-art.nl\/de\/wp-json\/wp\/v2\/product_brand?post=30371"},{"taxonomy":"product_cat","embeddable":true,"href":"https:\/\/www.mini-art.nl\/de\/wp-json\/wp\/v2\/product_cat?post=30371"},{"taxonomy":"product_tag","embeddable":true,"href":"https:\/\/www.mini-art.nl\/de\/wp-json\/wp\/v2\/product_tag?post=30371"}],"curies":[{"name":"wp","href":"https:\/\/api.w.org\/{rel}","templated":true}]}}