{"id":30343,"date":"2019-11-13T09:26:15","date_gmt":"2019-11-13T09:26:15","guid":{"rendered":"https:\/\/www.mini-art.nl\/product\/sonneblumen\/"},"modified":"2026-01-29T13:01:50","modified_gmt":"2026-01-29T12:01:50","slug":"sonneblumen","status":"publish","type":"product","link":"https:\/\/www.mini-art.nl\/de\/product\/sonneblumen\/","title":{"rendered":"Geschenkkarte \u2013 Sonnenblumen \u2013 100 St\u00fcck"},"content":{"rendered":"<p data-start=\"373\" data-end=\"779\">Diese <strong data-start=\"402\" data-end=\"443\">Geschenkkarte \u2013 Sonnenblumen \u2013<\/strong> zeigt ein atmosph\u00e4risches Sonnenblumenbild, das einen frischen und nat\u00fcrlichen Look verleiht. Die R\u00fcckseite ist leer, sodass Platz f\u00fcr eine handgeschriebene Nachricht, Preisangaben oder Produktinformationen ist. Die Karte besteht aus 250 Gramm hochwertigem FSC-Papier und ist f\u00fcr den professionellen Gebrauch geeignet.  <\/p>\n<p data-start=\"781\" data-end=\"974\">Dank des Bohrlochs kann die Karte problemlos an Band, Kordel oder Verpackung befestigt werden. Mit einer Gr\u00f6\u00dfe von 90 \u00d7 50 mm bietet es ausreichend Schreibfl\u00e4che, ohne unn\u00f6tig gro\u00df zu sein. <\/p>\n<p data-start=\"976\" data-end=\"1191\" data-is-last-node=\"\" data-is-only-node=\"\">Die Verpackung pro 100 St\u00fcck macht diese Geschenkanh\u00e4nger ideal f\u00fcr Gesch\u00e4fte, Floristen und andere Gesch\u00e4ftskunden, die eine funktionale und dekorative Karte mit einer erkennbaren Blumenillustration ben\u00f6tigen.<\/p>\n","protected":false},"excerpt":{"rendered":"<ul>\n<li data-start=\"186\" data-end=\"224\">\n<p data-start=\"188\" data-end=\"224\">Einzelne Geschenkkarte mit Bohrloch<\/p>\n<\/li>\n<li data-start=\"225\" data-end=\"252\">\n<p data-start=\"227\" data-end=\"252\">Illustration: Sonnenblume<\/p>\n<\/li>\n<li data-start=\"253\" data-end=\"275\">\n<p data-start=\"255\" data-end=\"275\">Hintere Platzpatrone<\/p>\n<\/li>\n<li data-start=\"276\" data-end=\"311\">\n<p data-start=\"278\" data-end=\"311\">FSC-Papier von 250 Gramm Qualit\u00e4t<\/p>\n<\/li>\n<li data-start=\"312\" data-end=\"335\">\n<p data-start=\"314\" data-end=\"335\">Gr\u00f6\u00dfe: 90 \u00d7 50 mm<\/p>\n<\/li>\n<li data-start=\"336\" data-end=\"371\">\n<p data-start=\"338\" data-end=\"371\">Verpackt pro Packung mit 100 St\u00fccken<\/p>\n<\/li>\n<\/ul>\n","protected":false},"featured_media":96419,"template":"","meta":[],"product_brand":[],"product_cat":[1302,481,482],"product_tag":[],"class_list":{"0":"post-30343","1":"product","2":"type-product","3":"status-publish","4":"has-post-thumbnail","6":"product_cat-fruhlingskarten","7":"product_cat-geschenkkarten-mini","8":"product_cat-blumenkartchen","10":"first","11":"instock","12":"taxable","13":"shipping-taxable","14":"purchasable","15":"product-type-simple"},"jetpack_sharing_enabled":true,"tiered_pricing_type":"fixed","tiered_pricing_fixed_rules":{"50":3.75},"tiered_pricing_product_settings":{"layout":"default","base_unit_name":{"singular":null,"plural":null},"default_variation":null},"tiered_pricing_minimum_quantity":null,"tiered_pricing_roles_data":[],"tiered_pricing_percentage_rules":[],"tiered_pricing_maximum_quantity":null,"tiered_pricing_quantity_step":null,"_links":{"self":[{"href":"https:\/\/www.mini-art.nl\/de\/wp-json\/wp\/v2\/product\/30343","targetHints":{"allow":["GET"]}}],"collection":[{"href":"https:\/\/www.mini-art.nl\/de\/wp-json\/wp\/v2\/product"}],"about":[{"href":"https:\/\/www.mini-art.nl\/de\/wp-json\/wp\/v2\/types\/product"}],"wp:featuredmedia":[{"embeddable":true,"href":"https:\/\/www.mini-art.nl\/de\/wp-json\/wp\/v2\/media\/96419"}],"wp:attachment":[{"href":"https:\/\/www.mini-art.nl\/de\/wp-json\/wp\/v2\/media?parent=30343"}],"wp:term":[{"taxonomy":"product_brand","embeddable":true,"href":"https:\/\/www.mini-art.nl\/de\/wp-json\/wp\/v2\/product_brand?post=30343"},{"taxonomy":"product_cat","embeddable":true,"href":"https:\/\/www.mini-art.nl\/de\/wp-json\/wp\/v2\/product_cat?post=30343"},{"taxonomy":"product_tag","embeddable":true,"href":"https:\/\/www.mini-art.nl\/de\/wp-json\/wp\/v2\/product_tag?post=30343"}],"curies":[{"name":"wp","href":"https:\/\/api.w.org\/{rel}","templated":true}]}}