{"id":30340,"date":"2020-04-10T08:53:23","date_gmt":"2020-04-10T06:53:23","guid":{"rendered":"https:\/\/www.mini-art.nl\/product\/obst\/"},"modified":"2026-01-29T12:57:22","modified_gmt":"2026-01-29T11:57:22","slug":"obst","status":"publish","type":"product","link":"https:\/\/www.mini-art.nl\/de\/product\/obst\/","title":{"rendered":"Geschenkkarte \u2013 Klassisches Obst \u2013 100 St\u00fcck"},"content":{"rendered":"<p data-start=\"397\" data-end=\"777\">Diese <strong data-start=\"426\" data-end=\"460\">Geschenkkarte \u2013 klassisches Obst \u2013<\/strong> zeigt eine traditionelle Obstillustration mit einem warmen, zeitlosen Look. Die R\u00fcckseite ist leer, sodass Platz f\u00fcr eine handgeschriebene Nachricht, Preisangaben oder Produktinformationen ist. Die Karte besteht aus 250 Gramm hochwertigem FSC-Papier und ist f\u00fcr den professionellen Gebrauch geeignet.  <\/p>\n<p data-start=\"779\" data-end=\"973\">Dank des Bohrlochs kann die Karte problemlos an Band, Kordel oder Verpackung befestigt werden. Mit einer Gr\u00f6\u00dfe von 90 \u00d7 50 mm bietet er ausreichend Schreibplatz, ohne unangenehm gro\u00df zu sein. <\/p>\n<p data-start=\"975\" data-end=\"1193\" data-is-last-node=\"\" data-is-only-node=\"\">Die Verpackung pro 100 St\u00fcck macht diese Geschenkanh\u00e4nger ideal f\u00fcr Gesch\u00e4fte, Floristen und andere Gesch\u00e4ftskunden, die eine funktionale und repr\u00e4sentative Karte mit klassischem Illustrationsstil ben\u00f6tigen.<\/p>\n","protected":false},"excerpt":{"rendered":"<ul>\n<li data-start=\"197\" data-end=\"235\">\n<p data-start=\"199\" data-end=\"235\">Einzelne Geschenkkarte mit Bohrloch<\/p>\n<\/li>\n<li data-start=\"236\" data-end=\"276\">\n<p data-start=\"238\" data-end=\"276\">Illustration: klassisches Obststillleben<\/p>\n<\/li>\n<li data-start=\"277\" data-end=\"299\">\n<p data-start=\"279\" data-end=\"299\">Hintere Platzpatrone<\/p>\n<\/li>\n<li data-start=\"300\" data-end=\"335\">\n<p data-start=\"302\" data-end=\"335\">FSC-Papier von 250 Gramm Qualit\u00e4t<\/p>\n<\/li>\n<li data-start=\"336\" data-end=\"359\">\n<p data-start=\"338\" data-end=\"359\">Gr\u00f6\u00dfe: 90 \u00d7 50 mm<\/p>\n<\/li>\n<li data-start=\"360\" data-end=\"395\">\n<p data-start=\"362\" data-end=\"395\">Verpackt pro Packung mit 100 St\u00fccken<\/p>\n<\/li>\n<\/ul>\n","protected":false},"featured_media":96412,"template":"","meta":[],"product_brand":[],"product_cat":[1302,481,482],"product_tag":[],"class_list":{"0":"post-30340","1":"product","2":"type-product","3":"status-publish","4":"has-post-thumbnail","6":"product_cat-fruhlingskarten","7":"product_cat-geschenkkarten-mini","8":"product_cat-blumenkartchen","10":"first","11":"instock","12":"taxable","13":"shipping-taxable","14":"purchasable","15":"product-type-simple"},"jetpack_sharing_enabled":true,"tiered_pricing_type":"fixed","tiered_pricing_fixed_rules":{"50":3.75},"tiered_pricing_product_settings":{"layout":"default","base_unit_name":{"singular":null,"plural":null},"default_variation":null},"tiered_pricing_minimum_quantity":null,"tiered_pricing_roles_data":[],"tiered_pricing_percentage_rules":[],"tiered_pricing_maximum_quantity":null,"tiered_pricing_quantity_step":null,"_links":{"self":[{"href":"https:\/\/www.mini-art.nl\/de\/wp-json\/wp\/v2\/product\/30340","targetHints":{"allow":["GET"]}}],"collection":[{"href":"https:\/\/www.mini-art.nl\/de\/wp-json\/wp\/v2\/product"}],"about":[{"href":"https:\/\/www.mini-art.nl\/de\/wp-json\/wp\/v2\/types\/product"}],"wp:featuredmedia":[{"embeddable":true,"href":"https:\/\/www.mini-art.nl\/de\/wp-json\/wp\/v2\/media\/96412"}],"wp:attachment":[{"href":"https:\/\/www.mini-art.nl\/de\/wp-json\/wp\/v2\/media?parent=30340"}],"wp:term":[{"taxonomy":"product_brand","embeddable":true,"href":"https:\/\/www.mini-art.nl\/de\/wp-json\/wp\/v2\/product_brand?post=30340"},{"taxonomy":"product_cat","embeddable":true,"href":"https:\/\/www.mini-art.nl\/de\/wp-json\/wp\/v2\/product_cat?post=30340"},{"taxonomy":"product_tag","embeddable":true,"href":"https:\/\/www.mini-art.nl\/de\/wp-json\/wp\/v2\/product_tag?post=30340"}],"curies":[{"name":"wp","href":"https:\/\/api.w.org\/{rel}","templated":true}]}}