{"id":29779,"date":"2020-01-20T17:35:33","date_gmt":"2020-01-20T16:35:33","guid":{"rendered":"https:\/\/www.mini-art.nl\/product\/hexagon-zebra\/"},"modified":"2025-08-20T16:44:37","modified_gmt":"2025-08-20T14:44:37","slug":"hexagon-zebra","status":"publish","type":"product","link":"https:\/\/www.mini-art.nl\/de\/product\/hexagon-zebra\/","title":{"rendered":"Etiketten &#8211; 6 Ecken &#8211; wei\u00df\/schwarzes Zebra &#8211; 500 St\u00fcck."},"content":{"rendered":"<p>F\u00fcr eine noch festlichere Dekoration von Geschenken oder Umschl\u00e4gen verwenden Sie diese Etiketten.<br \/>\nSie eignen sich auch hervorragend als Verschluss f\u00fcr eine Verpackungst\u00fcte.<\/p>\n<p>Werfen Sie einen Blick auf unsere umfangreiche Kollektion von Etiketten \/ Aufklebern mit Text oder Bildern.<\/p>\n","protected":false},"excerpt":{"rendered":"<p>Gr\u00f6\u00dfe: 50 x 45<\/p>\n<p>Farbe: wei\u00df<\/p>\n<p>Druck: schwarz<\/p>\n<p>Selbstklebende Etiketten auf Papierbasis.<\/p>\n<p>Erh\u00e4ltlich zu 500 St\u00fcck in einer praktischen Spenderbox.<\/p>\n","protected":false},"featured_media":28618,"template":"","meta":[],"product_brand":[],"product_cat":[468,472],"product_tag":[],"class_list":{"0":"post-29779","1":"product","2":"type-product","3":"status-publish","4":"has-post-thumbnail","6":"product_cat-aufkleber","7":"product_cat-hexagon-aufkleber","9":"first","10":"instock","11":"taxable","12":"shipping-taxable","13":"purchasable","14":"product-type-simple"},"jetpack_sharing_enabled":true,"tiered_pricing_type":"fixed","tiered_pricing_fixed_rules":[],"tiered_pricing_product_settings":{"layout":"default","base_unit_name":{"singular":null,"plural":null},"default_variation":null},"tiered_pricing_minimum_quantity":null,"tiered_pricing_roles_data":[],"tiered_pricing_percentage_rules":[],"tiered_pricing_maximum_quantity":null,"tiered_pricing_quantity_step":null,"_links":{"self":[{"href":"https:\/\/www.mini-art.nl\/de\/wp-json\/wp\/v2\/product\/29779","targetHints":{"allow":["GET"]}}],"collection":[{"href":"https:\/\/www.mini-art.nl\/de\/wp-json\/wp\/v2\/product"}],"about":[{"href":"https:\/\/www.mini-art.nl\/de\/wp-json\/wp\/v2\/types\/product"}],"wp:featuredmedia":[{"embeddable":true,"href":"https:\/\/www.mini-art.nl\/de\/wp-json\/wp\/v2\/media\/28618"}],"wp:attachment":[{"href":"https:\/\/www.mini-art.nl\/de\/wp-json\/wp\/v2\/media?parent=29779"}],"wp:term":[{"taxonomy":"product_brand","embeddable":true,"href":"https:\/\/www.mini-art.nl\/de\/wp-json\/wp\/v2\/product_brand?post=29779"},{"taxonomy":"product_cat","embeddable":true,"href":"https:\/\/www.mini-art.nl\/de\/wp-json\/wp\/v2\/product_cat?post=29779"},{"taxonomy":"product_tag","embeddable":true,"href":"https:\/\/www.mini-art.nl\/de\/wp-json\/wp\/v2\/product_tag?post=29779"}],"curies":[{"name":"wp","href":"https:\/\/api.w.org\/{rel}","templated":true}]}}