{"id":101601,"date":"2021-09-21T16:28:42","date_gmt":"2021-09-21T14:28:42","guid":{"rendered":"https:\/\/www.mini-art.nl\/product\/schnapsglaeser-set-salud\/"},"modified":"2026-01-29T13:06:48","modified_gmt":"2026-01-29T12:06:48","slug":"schnapsglaeser-set-salud","status":"publish","type":"product","link":"https:\/\/www.mini-art.nl\/de\/product\/schnapsglaeser-set-salud\/","title":{"rendered":"Schnapsgl\u00e4ser \u2013 Set \u2013 Salud"},"content":{"rendered":"<p>Luxuri\u00f6se Kunststoff-Schnapsgl\u00e4ser von unzerbrechlicher Qualit\u00e4t, f\u00fcr jahrelange Vergn\u00fcgen. Unverzichtbar f\u00fcr Ihren Wohnwagen, Wohnwagen oder Ihr Boot, oder einfach gem\u00fctlich im Garten.<br \/>\n6 Schnapsgl\u00e4ser mit praktischem Tablett, Modellmalerpalette. <\/p>\n<p><img loading=\"lazy\" decoding=\"async\" src=\"https:\/\/cdn.myonlinestore.eu\/9474dae6-6be1-11e9-a722-44a8421b9960\/images\/FOOD-GRADE.jpg\" alt=\"\" width=\"100\" height=\"100\"><\/p>\n","protected":false},"excerpt":{"rendered":"<p>Luxuri\u00f6se Kunststoff-Schnapsgl\u00e4ser von unzerbrechlicher Qualit\u00e4t, f\u00fcr jahrelange Vergn\u00fcgen.<\/p>\n<p><strong>Abmessungen: <\/strong><\/p>\n<p>Inhalt: 4cl<\/p>\n","protected":false},"featured_media":49671,"template":"","meta":[],"product_brand":[],"product_cat":[627,1183],"product_tag":[],"class_list":{"0":"post-101601","1":"product","2":"type-product","3":"status-publish","4":"has-post-thumbnail","6":"product_cat-weinglaeser","7":"product_cat-spirituosenartikel","9":"first","10":"instock","11":"taxable","12":"shipping-taxable","13":"purchasable","14":"product-type-simple"},"jetpack_sharing_enabled":true,"tiered_pricing_type":"fixed","tiered_pricing_fixed_rules":[],"tiered_pricing_product_settings":{"layout":"default","base_unit_name":{"singular":null,"plural":null},"default_variation":null},"tiered_pricing_minimum_quantity":null,"tiered_pricing_roles_data":[],"tiered_pricing_percentage_rules":[],"tiered_pricing_maximum_quantity":null,"tiered_pricing_quantity_step":null,"_links":{"self":[{"href":"https:\/\/www.mini-art.nl\/de\/wp-json\/wp\/v2\/product\/101601","targetHints":{"allow":["GET"]}}],"collection":[{"href":"https:\/\/www.mini-art.nl\/de\/wp-json\/wp\/v2\/product"}],"about":[{"href":"https:\/\/www.mini-art.nl\/de\/wp-json\/wp\/v2\/types\/product"}],"wp:featuredmedia":[{"embeddable":true,"href":"https:\/\/www.mini-art.nl\/de\/wp-json\/wp\/v2\/media\/49671"}],"wp:attachment":[{"href":"https:\/\/www.mini-art.nl\/de\/wp-json\/wp\/v2\/media?parent=101601"}],"wp:term":[{"taxonomy":"product_brand","embeddable":true,"href":"https:\/\/www.mini-art.nl\/de\/wp-json\/wp\/v2\/product_brand?post=101601"},{"taxonomy":"product_cat","embeddable":true,"href":"https:\/\/www.mini-art.nl\/de\/wp-json\/wp\/v2\/product_cat?post=101601"},{"taxonomy":"product_tag","embeddable":true,"href":"https:\/\/www.mini-art.nl\/de\/wp-json\/wp\/v2\/product_tag?post=101601"}],"curies":[{"name":"wp","href":"https:\/\/api.w.org\/{rel}","templated":true}]}}