{"id":101543,"date":"2022-02-02T10:37:53","date_gmt":"2022-02-02T09:37:53","guid":{"rendered":"https:\/\/www.mini-art.nl\/product\/anhaenger-leuchtturm-6-stueck\/"},"modified":"2026-01-29T13:05:44","modified_gmt":"2026-01-29T12:05:44","slug":"anhaenger-leuchtturm-6-stueck","status":"publish","type":"product","link":"https:\/\/www.mini-art.nl\/de\/product\/anhaenger-leuchtturm-6-stueck\/","title":{"rendered":"Anh\u00e4nger \u2013 Leuchtturm \u2013 6 St\u00fcck"},"content":{"rendered":"<p>Diese wundersch\u00f6nen Holzb\u00fcgel sind ideal zur Dekoration und Geschenkdekoration. Verwenden Sie diese Kleiderb\u00fcgel f\u00fcr Ihr Strandthema bei Garten- oder Catering-Anl\u00e4ssen. <\/p>\n<p>Erh\u00e4ltlich in Beuteln zu je 6 St\u00fccken<\/p>\n","protected":false},"excerpt":{"rendered":"<p>Strand-Themenb\u00fcgel<\/p>\n<p>Durchmesser: 8 cm<\/p>\n<p>Material: Holz<\/p>\n<p>Verpackung: Beutel mit 6 St\u00fcck<\/p>\n","protected":false},"featured_media":56057,"template":"","meta":[],"product_brand":[],"product_cat":[1050],"product_tag":[],"class_list":{"0":"post-101543","1":"product","2":"type-product","3":"status-publish","4":"has-post-thumbnail","6":"product_cat-strand-thema","8":"first","9":"instock","10":"taxable","11":"shipping-taxable","12":"purchasable","13":"product-type-simple"},"jetpack_sharing_enabled":true,"tiered_pricing_type":"fixed","tiered_pricing_fixed_rules":{"12":4.95},"tiered_pricing_product_settings":{"layout":"default","base_unit_name":{"singular":null,"plural":null},"default_variation":null},"tiered_pricing_minimum_quantity":null,"tiered_pricing_roles_data":[],"tiered_pricing_percentage_rules":[],"tiered_pricing_maximum_quantity":null,"tiered_pricing_quantity_step":null,"_links":{"self":[{"href":"https:\/\/www.mini-art.nl\/de\/wp-json\/wp\/v2\/product\/101543","targetHints":{"allow":["GET"]}}],"collection":[{"href":"https:\/\/www.mini-art.nl\/de\/wp-json\/wp\/v2\/product"}],"about":[{"href":"https:\/\/www.mini-art.nl\/de\/wp-json\/wp\/v2\/types\/product"}],"wp:featuredmedia":[{"embeddable":true,"href":"https:\/\/www.mini-art.nl\/de\/wp-json\/wp\/v2\/media\/56057"}],"wp:attachment":[{"href":"https:\/\/www.mini-art.nl\/de\/wp-json\/wp\/v2\/media?parent=101543"}],"wp:term":[{"taxonomy":"product_brand","embeddable":true,"href":"https:\/\/www.mini-art.nl\/de\/wp-json\/wp\/v2\/product_brand?post=101543"},{"taxonomy":"product_cat","embeddable":true,"href":"https:\/\/www.mini-art.nl\/de\/wp-json\/wp\/v2\/product_cat?post=101543"},{"taxonomy":"product_tag","embeddable":true,"href":"https:\/\/www.mini-art.nl\/de\/wp-json\/wp\/v2\/product_tag?post=101543"}],"curies":[{"name":"wp","href":"https:\/\/api.w.org\/{rel}","templated":true}]}}