{"id":100722,"date":"2022-09-01T15:35:45","date_gmt":"2022-09-01T13:35:45","guid":{"rendered":"https:\/\/www.mini-art.nl\/product\/dekorationsband-weihnachtsgeschenke-15-mm-x-10-meter\/"},"modified":"2026-01-29T12:55:22","modified_gmt":"2026-01-29T11:55:22","slug":"dekorationsband-weihnachtsgeschenke-15-mm-x-10-meter","status":"publish","type":"product","link":"https:\/\/www.mini-art.nl\/de\/product\/dekorationsband-weihnachtsgeschenke-15-mm-x-10-meter\/","title":{"rendered":"Dekorationsband \u2013 Weihnachtsgeschenke \u2013 15 mm x 10 Meter"},"content":{"rendered":"<p>Eine reiche Vielfalt an B\u00e4ndern. Das h\u00fcbsche Luxusband ist ideal f\u00fcr alle Ihre Dekorationen. Auch sehr gut geeignet, um Ihren gedeckten Tisch zu dekorieren.<\/p>\n","protected":false},"excerpt":{"rendered":"<p>Weihnachtsband Anzahl der Meter: 10 Meter<\/p>\n<p>Bandbreite: 15 mm<\/p>\n<p>Farbe: Gold &#8211; Rot &#8211; Gr\u00fcn<\/p>\n<p>Bandtyp: Satin<\/p>\n","protected":false},"featured_media":64114,"template":"","meta":[],"product_brand":[],"product_cat":[709,962],"product_tag":[],"class_list":{"0":"post-100722","1":"product","2":"type-product","3":"status-publish","4":"has-post-thumbnail","6":"product_cat-geschenkbander-weihnachten","7":"product_cat-weihnachtsgeschaft","9":"first","10":"instock","11":"taxable","12":"shipping-taxable","13":"purchasable","14":"product-type-simple"},"jetpack_sharing_enabled":true,"tiered_pricing_type":"fixed","tiered_pricing_fixed_rules":{"3":4.5,"6":3.25,"12":2.95},"tiered_pricing_product_settings":{"layout":"default","base_unit_name":{"singular":null,"plural":null},"default_variation":null},"tiered_pricing_minimum_quantity":null,"tiered_pricing_roles_data":[],"tiered_pricing_percentage_rules":[],"tiered_pricing_maximum_quantity":null,"tiered_pricing_quantity_step":null,"_links":{"self":[{"href":"https:\/\/www.mini-art.nl\/de\/wp-json\/wp\/v2\/product\/100722","targetHints":{"allow":["GET"]}}],"collection":[{"href":"https:\/\/www.mini-art.nl\/de\/wp-json\/wp\/v2\/product"}],"about":[{"href":"https:\/\/www.mini-art.nl\/de\/wp-json\/wp\/v2\/types\/product"}],"wp:featuredmedia":[{"embeddable":true,"href":"https:\/\/www.mini-art.nl\/de\/wp-json\/wp\/v2\/media\/64114"}],"wp:attachment":[{"href":"https:\/\/www.mini-art.nl\/de\/wp-json\/wp\/v2\/media?parent=100722"}],"wp:term":[{"taxonomy":"product_brand","embeddable":true,"href":"https:\/\/www.mini-art.nl\/de\/wp-json\/wp\/v2\/product_brand?post=100722"},{"taxonomy":"product_cat","embeddable":true,"href":"https:\/\/www.mini-art.nl\/de\/wp-json\/wp\/v2\/product_cat?post=100722"},{"taxonomy":"product_tag","embeddable":true,"href":"https:\/\/www.mini-art.nl\/de\/wp-json\/wp\/v2\/product_tag?post=100722"}],"curies":[{"name":"wp","href":"https:\/\/api.w.org\/{rel}","templated":true}]}}