{"id":100148,"date":"2019-11-13T09:32:40","date_gmt":"2019-11-13T08:32:40","guid":{"rendered":"https:\/\/www.mini-art.nl\/product\/zusammen-anzeigen-32-x-12-karten\/"},"modified":"2026-01-29T13:13:28","modified_gmt":"2026-01-29T12:13:28","slug":"zusammen-anzeigen-32-x-12-karten","status":"publish","type":"product","link":"https:\/\/www.mini-art.nl\/de\/product\/zusammen-anzeigen-32-x-12-karten\/","title":{"rendered":"Zusammen anzeigen \u2013 32 x 12 Karten"},"content":{"rendered":"<p>Eine wundersch\u00f6ne quadratische Karte von Label_72. Diese Gru\u00dfkarte mit lustigen, spontanen und frechen Nachrichten macht Spa\u00df beim Geben und Empfangen.<br \/>\nAu\u00dferdem werden die Gru\u00dfkarten zu dekorativen Zwecken verwendet. <\/p>\n<p>&nbsp;<\/p>\n","protected":false},"excerpt":{"rendered":"<p>Zusammen Kartenm\u00fchle<br \/>\nSch\u00f6ne, schmale drehbare Anzeige<br \/>\nAnzahl der F\u00e4cher: 32<\/p>\n<p>Display-Inhalt:<br \/>\n 32 Motive x 12 Karten (insgesamt 384 Karten)<\/p>\n<p> Displaygr\u00f6\u00dfe: verstellbar bis zu maximaler H\u00f6he von 178 cm<\/p>\n<p>Display ist im Leihpreis enthalten, keine zus\u00e4tzlichen Kosten<\/p>\n","protected":false},"featured_media":25030,"template":"","meta":[],"product_brand":[],"product_cat":[533,537,492],"product_tag":[],"class_list":{"0":"post-100148","1":"product","2":"type-product","3":"status-publish","4":"has-post-thumbnail","6":"product_cat-wunschkarten","7":"product_cat-together-kaarten-de","8":"product_cat-together-wunschkarten","10":"first","11":"instock","12":"taxable","13":"shipping-taxable","14":"purchasable","15":"product-type-simple"},"jetpack_sharing_enabled":true,"tiered_pricing_type":"fixed","tiered_pricing_fixed_rules":[],"tiered_pricing_product_settings":{"layout":"default","base_unit_name":{"singular":null,"plural":null},"default_variation":null},"tiered_pricing_minimum_quantity":null,"tiered_pricing_roles_data":[],"tiered_pricing_percentage_rules":[],"tiered_pricing_maximum_quantity":null,"tiered_pricing_quantity_step":null,"_links":{"self":[{"href":"https:\/\/www.mini-art.nl\/de\/wp-json\/wp\/v2\/product\/100148","targetHints":{"allow":["GET"]}}],"collection":[{"href":"https:\/\/www.mini-art.nl\/de\/wp-json\/wp\/v2\/product"}],"about":[{"href":"https:\/\/www.mini-art.nl\/de\/wp-json\/wp\/v2\/types\/product"}],"wp:featuredmedia":[{"embeddable":true,"href":"https:\/\/www.mini-art.nl\/de\/wp-json\/wp\/v2\/media\/25030"}],"wp:attachment":[{"href":"https:\/\/www.mini-art.nl\/de\/wp-json\/wp\/v2\/media?parent=100148"}],"wp:term":[{"taxonomy":"product_brand","embeddable":true,"href":"https:\/\/www.mini-art.nl\/de\/wp-json\/wp\/v2\/product_brand?post=100148"},{"taxonomy":"product_cat","embeddable":true,"href":"https:\/\/www.mini-art.nl\/de\/wp-json\/wp\/v2\/product_cat?post=100148"},{"taxonomy":"product_tag","embeddable":true,"href":"https:\/\/www.mini-art.nl\/de\/wp-json\/wp\/v2\/product_tag?post=100148"}],"curies":[{"name":"wp","href":"https:\/\/api.w.org\/{rel}","templated":true}]}}